{"id":97,"date":"2014-08-19T12:51:33","date_gmt":"2014-08-19T10:51:33","guid":{"rendered":"http:\/\/tobagoparadise.de\/?page_id=97"},"modified":"2016-09-07T13:25:28","modified_gmt":"2016-09-07T11:25:28","slug":"straende","status":"publish","type":"page","link":"http:\/\/tobagoparadise.de\/?page_id=97","title":{"rendered":"Str\u00e4nde"},"content":{"rendered":"<h2><a href=\"https:\/\/www.google.de\/maps\/@11.1692495,-60.8253318,15z\" target=\"_blank\"> <strong>Pigeon Point<\/strong><\/a><\/h2>\n<p style=\"text-align: justify;\">Der bekannteste Strand auf Tobago, und wahrscheinlich auch das am meisten fotografierte Motiv. Der Pigeon Point kostet kleines Geld Eintritt, auch hat man die M\u00f6glichkeit gegen kleines Geld sich Liegest\u00fchle zu leihen. Unbedingt zum Lunch und zum <strong><a title=\"Sunset\" href=\"http:\/\/tobagoparadise.de\/?page_id=348\">Sunset <\/a><\/strong>in die Traditions Beachbar, tolle Musik und legend\u00e4re Cocktails.<\/p>\n<table cellspacing=\"0\" cellpadding=\"0\">\n<tbody>\n<tr>\n<td width=\"500\">\u00a0<img loading=\"lazy\" decoding=\"async\" class=\"alignleft wp-image-333\" src=\"http:\/\/tobagoparadise.de\/wp-content\/uploads\/2014\/08\/20140406_125340.jpg\" alt=\"20140406_125340\" width=\"400\" height=\"268\" srcset=\"http:\/\/tobagoparadise.de\/wp-content\/uploads\/2014\/08\/20140406_125340.jpg 500w, http:\/\/tobagoparadise.de\/wp-content\/uploads\/2014\/08\/20140406_125340-300x201.jpg 300w, http:\/\/tobagoparadise.de\/wp-content\/uploads\/2014\/08\/20140406_125340-447x300.jpg 447w\" sizes=\"(max-width: 400px) 100vw, 400px\" \/><\/td>\n<td width=\"500\">\u00a0<img loading=\"lazy\" decoding=\"async\" class=\"aligncenter wp-image-673 size-full\" src=\"http:\/\/tobagoparadise.de\/wp-content\/uploads\/2016\/05\/20160515_111122.jpg\" width=\"500\" height=\"335\" srcset=\"http:\/\/tobagoparadise.de\/wp-content\/uploads\/2016\/05\/20160515_111122.jpg 500w, http:\/\/tobagoparadise.de\/wp-content\/uploads\/2016\/05\/20160515_111122-150x101.jpg 150w, http:\/\/tobagoparadise.de\/wp-content\/uploads\/2016\/05\/20160515_111122-300x201.jpg 300w, http:\/\/tobagoparadise.de\/wp-content\/uploads\/2016\/05\/20160515_111122-448x300.jpg 448w\" sizes=\"(max-width: 500px) 100vw, 500px\" \/><\/td>\n<\/tr>\n<tr>\n<td width=\"500\">\u00a0<img loading=\"lazy\" decoding=\"async\" class=\"alignleft wp-image-336\" src=\"http:\/\/tobagoparadise.de\/wp-content\/uploads\/2014\/08\/DSC_0823.jpg\" alt=\"DSC_0823\" width=\"400\" height=\"268\" srcset=\"http:\/\/tobagoparadise.de\/wp-content\/uploads\/2014\/08\/DSC_0823.jpg 500w, http:\/\/tobagoparadise.de\/wp-content\/uploads\/2014\/08\/DSC_0823-300x201.jpg 300w, http:\/\/tobagoparadise.de\/wp-content\/uploads\/2014\/08\/DSC_0823-447x300.jpg 447w\" sizes=\"(max-width: 400px) 100vw, 400px\" \/><\/td>\n<td width=\"500\">\u00a0<img loading=\"lazy\" decoding=\"async\" class=\"alignleft wp-image-337\" src=\"http:\/\/tobagoparadise.de\/wp-content\/uploads\/2014\/08\/20130405_115403.jpg\" alt=\"20130405_115403\" width=\"400\" height=\"268\" srcset=\"http:\/\/tobagoparadise.de\/wp-content\/uploads\/2014\/08\/20130405_115403.jpg 500w, http:\/\/tobagoparadise.de\/wp-content\/uploads\/2014\/08\/20130405_115403-300x201.jpg 300w, http:\/\/tobagoparadise.de\/wp-content\/uploads\/2014\/08\/20130405_115403-447x300.jpg 447w\" sizes=\"(max-width: 400px) 100vw, 400px\" \/><\/td>\n<\/tr>\n<\/tbody>\n<\/table>\n<h2><strong><a href=\"https:\/\/www.google.de\/maps\/@11.20053,-60.7887251,15z\" target=\"_blank\">Stonehaven Bay<\/a><\/strong><\/h2>\n<p style=\"text-align: justify;\">Die Stonehaven Bay oder auch Grafton Beach befindet sich an der R\u00fcckseite der beiden Hotels Grafton Beach Resort und Grand Courland Spa &amp; Resort und ist quasi der Hausstrand der beiden Hotels. Da in Tobago aber alle Str\u00e4nde \u00f6ffentlich sind, ist der Strand von Jedermann zu nutzen. Man kann einfach parken, muss keinen Eintritt bezahlen und hat, gerade f\u00fcr Besucher, die sch\u00f6nes Wasser zum Schwimmen und auch ein wenig leichte Brandung lieben, den perfekten Strand. Unmittelbar am Strand liegt das empfehlenswerte Restaurant <strong><a href=\"http:\/\/www.seahorseinntobago.com\/index.html\" target=\"_blank\">Seahorse Inn<\/a><\/strong>, in dem man vor dem hervorragenden Dinner bei einem Cocktail einen traumhaften <strong><a title=\"Sunset\" href=\"http:\/\/tobagoparadise.de\/?page_id=348\">Sonnenuntergang <\/a><\/strong>geniessen kann.<\/p>\n<table style=\"color: #111111;\">\n<tbody>\n<tr>\n<td width=\"500\">\u00a0<img loading=\"lazy\" decoding=\"async\" class=\"wp-image-698 size-full alignnone\" src=\"http:\/\/tobagoparadise.de\/wp-content\/uploads\/2016\/05\/20160504_101346.jpg\" width=\"500\" height=\"335\" srcset=\"http:\/\/tobagoparadise.de\/wp-content\/uploads\/2016\/05\/20160504_101346.jpg 500w, http:\/\/tobagoparadise.de\/wp-content\/uploads\/2016\/05\/20160504_101346-150x101.jpg 150w, http:\/\/tobagoparadise.de\/wp-content\/uploads\/2016\/05\/20160504_101346-300x201.jpg 300w, http:\/\/tobagoparadise.de\/wp-content\/uploads\/2016\/05\/20160504_101346-448x300.jpg 448w\" sizes=\"(max-width: 500px) 100vw, 500px\" \/><img loading=\"lazy\" decoding=\"async\" class=\"wp-image-696 size-full alignnone\" src=\"http:\/\/tobagoparadise.de\/wp-content\/uploads\/2016\/05\/20160504_100438.jpg\" width=\"500\" height=\"335\" srcset=\"http:\/\/tobagoparadise.de\/wp-content\/uploads\/2016\/05\/20160504_100438.jpg 500w, http:\/\/tobagoparadise.de\/wp-content\/uploads\/2016\/05\/20160504_100438-150x101.jpg 150w, http:\/\/tobagoparadise.de\/wp-content\/uploads\/2016\/05\/20160504_100438-300x201.jpg 300w, http:\/\/tobagoparadise.de\/wp-content\/uploads\/2016\/05\/20160504_100438-448x300.jpg 448w\" sizes=\"(max-width: 500px) 100vw, 500px\" \/><\/td>\n<td width=\"500\">\u00a0<img loading=\"lazy\" decoding=\"async\" class=\"wp-image-697 size-full alignnone\" src=\"http:\/\/tobagoparadise.de\/wp-content\/uploads\/2016\/05\/20160504_101232.jpg\" width=\"500\" height=\"335\" srcset=\"http:\/\/tobagoparadise.de\/wp-content\/uploads\/2016\/05\/20160504_101232.jpg 500w, http:\/\/tobagoparadise.de\/wp-content\/uploads\/2016\/05\/20160504_101232-150x101.jpg 150w, http:\/\/tobagoparadise.de\/wp-content\/uploads\/2016\/05\/20160504_101232-300x201.jpg 300w, http:\/\/tobagoparadise.de\/wp-content\/uploads\/2016\/05\/20160504_101232-448x300.jpg 448w\" sizes=\"(max-width: 500px) 100vw, 500px\" \/><img loading=\"lazy\" decoding=\"async\" class=\"wp-image-695 size-full alignnone\" src=\"http:\/\/tobagoparadise.de\/wp-content\/uploads\/2016\/05\/20160504_095238.jpg\" width=\"500\" height=\"334\" srcset=\"http:\/\/tobagoparadise.de\/wp-content\/uploads\/2016\/05\/20160504_095238.jpg 500w, http:\/\/tobagoparadise.de\/wp-content\/uploads\/2016\/05\/20160504_095238-150x100.jpg 150w, http:\/\/tobagoparadise.de\/wp-content\/uploads\/2016\/05\/20160504_095238-300x200.jpg 300w, http:\/\/tobagoparadise.de\/wp-content\/uploads\/2016\/05\/20160504_095238-449x300.jpg 449w\" sizes=\"(max-width: 500px) 100vw, 500px\" \/><\/td>\n<\/tr>\n<\/tbody>\n<\/table>\n<div style=\"width: 640px; margin: 0 auto; max-width: 100%;\">\n<div style=\"width: 584px;\" class=\"wp-video\"><!--[if lt IE 9]><script>document.createElement('video');<\/script><![endif]-->\n<video class=\"wp-video-shortcode\" id=\"video-97-1\" width=\"584\" height=\"329\" preload=\"metadata\" controls=\"controls\"><source type=\"video\/mp4\" src=\"http:\/\/tobagoparadise.de\/wp-content\/uploads\/2014\/09\/mod_Shb1.mp4?_=1\" \/><a href=\"http:\/\/tobagoparadise.de\/wp-content\/uploads\/2014\/09\/mod_Shb1.mp4\">http:\/\/tobagoparadise.de\/wp-content\/uploads\/2014\/09\/mod_Shb1.mp4<\/a><\/video><\/div>\n<\/div>\n<h2><\/h2>\n<h2><strong><a href=\"https:\/\/www.google.de\/maps\/@11.2904372,-60.6708366,15z\" target=\"_blank\">Englishmen&#8217;s Bay<\/a><\/strong><\/h2>\n<p style=\"text-align: justify;\">Etwas weiter abseits von den \u00fcblichen Hot Spots in Tobago liegt die Englishmen&#8217;s Bay. Ein wirklich traumhafter Strand ohne viel Publikum, ideal um dort den ganzen Tag zu verbringen. Es befindet sich dort ein kleiner Stand, an dem Souvenirs verkauft werden. Auch ist es m\u00f6glich k\u00fchle Getr\u00e4nke zu kaufen. Von den frischen Speisen sollte man allerdings Abstand nehmen, es existiert dort kein Frischwasser und deshalb leidet bekanntermassen die Hygiene etwas. Auch sollten die \u00fcblichen Sicherheits-vorkehrungen getroffen werden, also Wertsachen nicht offen liegen lassen und immer ein Auge auf das gep\u00e4ck, wenn man im Wasser ist. Und der Weg dorthin ist auch etwas l\u00e4nger, also wirklich einen Tag einplanen, sonst lohnt es nicht.<\/p>\n<table style=\"color: #111111;\">\n<tbody>\n<tr>\n<td width=\"500\">\u00a0<img loading=\"lazy\" decoding=\"async\" class=\"wp-image-318 alignnone\" src=\"http:\/\/tobagoparadise.de\/wp-content\/uploads\/2014\/08\/20120828_133040-1.jpg\" alt=\"20120828_133040 (1)\" width=\"400\" height=\"300\" srcset=\"http:\/\/tobagoparadise.de\/wp-content\/uploads\/2014\/08\/20120828_133040-1.jpg 500w, http:\/\/tobagoparadise.de\/wp-content\/uploads\/2014\/08\/20120828_133040-1-300x225.jpg 300w, http:\/\/tobagoparadise.de\/wp-content\/uploads\/2014\/08\/20120828_133040-1-400x300.jpg 400w\" sizes=\"(max-width: 400px) 100vw, 400px\" \/><\/td>\n<td width=\"500\">\u00a0<img loading=\"lazy\" decoding=\"async\" class=\"wp-image-319 alignnone\" src=\"http:\/\/tobagoparadise.de\/wp-content\/uploads\/2014\/08\/20120828_134301-1.jpg\" alt=\"20120828_134301 (1)\" width=\"400\" height=\"300\" srcset=\"http:\/\/tobagoparadise.de\/wp-content\/uploads\/2014\/08\/20120828_134301-1.jpg 500w, http:\/\/tobagoparadise.de\/wp-content\/uploads\/2014\/08\/20120828_134301-1-300x225.jpg 300w, http:\/\/tobagoparadise.de\/wp-content\/uploads\/2014\/08\/20120828_134301-1-400x300.jpg 400w\" sizes=\"(max-width: 400px) 100vw, 400px\" \/><\/td>\n<\/tr>\n<\/tbody>\n<\/table>\n<p style=\"text-align: justify;\"><strong><a href=\"https:\/\/www.google.de\/maps\/@11.1692495,-60.8253318,15z\" target=\"_blank\">No Mans Land<\/a><\/strong><\/p>\n<p style=\"text-align: justify;\">No Mans Land ist eine kleine Halbinsel, die in die in die Bon Accord Lagoon hineinragt, in Sichtweite zum Pigeon Point. Sie ist ein richtiger Chill und Party Spot. Bei fast allen Bootstouren wird sie angefahren f\u00fcr BBQ Lunch und um danach das herrliche Wasser zu geniessen.\u00a0Am Wochenende findet dort auch h\u00e4ufig gr\u00f6ssere Partys statt, angefahren kann der Strand nur per Boot, ok, wer den Besitzer kennt, der bekommt auch einen Schl\u00fcssel und kann dann mit dem Auto hin, aber per Boot ist es nat\u00fcrlich interessanter.<\/p>\n<table style=\"color: #111111;\">\n<tbody>\n<tr>\n<td width=\"500\"><img loading=\"lazy\" decoding=\"async\" class=\"size-full wp-image-685 alignnone\" src=\"http:\/\/tobagoparadise.de\/wp-content\/uploads\/2016\/05\/20160510_154018.jpg\" alt=\"20160510_154018\" width=\"500\" height=\"335\" srcset=\"http:\/\/tobagoparadise.de\/wp-content\/uploads\/2016\/05\/20160510_154018.jpg 500w, http:\/\/tobagoparadise.de\/wp-content\/uploads\/2016\/05\/20160510_154018-150x101.jpg 150w, http:\/\/tobagoparadise.de\/wp-content\/uploads\/2016\/05\/20160510_154018-300x201.jpg 300w, http:\/\/tobagoparadise.de\/wp-content\/uploads\/2016\/05\/20160510_154018-448x300.jpg 448w\" sizes=\"(max-width: 500px) 100vw, 500px\" \/><br \/>\n<img loading=\"lazy\" decoding=\"async\" class=\"wp-image-683 size-full alignnone\" src=\"http:\/\/tobagoparadise.de\/wp-content\/uploads\/2016\/05\/20160510_142454.jpg\" width=\"500\" height=\"335\" srcset=\"http:\/\/tobagoparadise.de\/wp-content\/uploads\/2016\/05\/20160510_142454.jpg 500w, http:\/\/tobagoparadise.de\/wp-content\/uploads\/2016\/05\/20160510_142454-150x101.jpg 150w, http:\/\/tobagoparadise.de\/wp-content\/uploads\/2016\/05\/20160510_142454-300x201.jpg 300w, http:\/\/tobagoparadise.de\/wp-content\/uploads\/2016\/05\/20160510_142454-448x300.jpg 448w\" sizes=\"(max-width: 500px) 100vw, 500px\" \/><\/td>\n<td width=\"500\"><img loading=\"lazy\" decoding=\"async\" class=\"size-full wp-image-684 alignnone\" src=\"http:\/\/tobagoparadise.de\/wp-content\/uploads\/2016\/05\/20160510_143032.jpg\" alt=\"20160510_143032\" width=\"500\" height=\"335\" srcset=\"http:\/\/tobagoparadise.de\/wp-content\/uploads\/2016\/05\/20160510_143032.jpg 500w, http:\/\/tobagoparadise.de\/wp-content\/uploads\/2016\/05\/20160510_143032-150x101.jpg 150w, http:\/\/tobagoparadise.de\/wp-content\/uploads\/2016\/05\/20160510_143032-300x201.jpg 300w, http:\/\/tobagoparadise.de\/wp-content\/uploads\/2016\/05\/20160510_143032-448x300.jpg 448w\" sizes=\"(max-width: 500px) 100vw, 500px\" \/><img loading=\"lazy\" decoding=\"async\" class=\"size-full wp-image-682 alignnone\" src=\"http:\/\/tobagoparadise.de\/wp-content\/uploads\/2016\/05\/20160510_142025.jpg\" alt=\"20160510_142025\" width=\"500\" height=\"335\" srcset=\"http:\/\/tobagoparadise.de\/wp-content\/uploads\/2016\/05\/20160510_142025.jpg 500w, http:\/\/tobagoparadise.de\/wp-content\/uploads\/2016\/05\/20160510_142025-150x101.jpg 150w, http:\/\/tobagoparadise.de\/wp-content\/uploads\/2016\/05\/20160510_142025-300x201.jpg 300w, http:\/\/tobagoparadise.de\/wp-content\/uploads\/2016\/05\/20160510_142025-448x300.jpg 448w\" sizes=\"(max-width: 500px) 100vw, 500px\" \/><\/td>\n<\/tr>\n<\/tbody>\n<\/table>\n<p><strong><a href=\"https:\/\/www.google.de\/maps\/@11.1797749,-60.8289367,15z\" target=\"_blank\">Nylon Pool<\/a><\/strong><\/p>\n<p style=\"text-align: justify;\">Der Nylon Pool ist kein Strand im herk\u00f6mmlichen Sinn. Er ist die Sandbank innerhalb des Buccoo Reefs zwischen Pigeon Point und No Mans Land. Der Grund des Nylon Pool besteht aus Korallensand, der das Wasser in einem tiefen Blaut\u00fcrkis schimmern l\u00e4sst. Er ist das Ziel f\u00fcr alle Bootstouren, das Wasser ist etwa h\u00fcfthoch und der Sonnenuntergang dort ist traumhaft. Es ist die Sunset Party Location, viele Boote, gute und vor allem laute Soca Musik und k\u00fchle Getr\u00e4nke lassen jeden Besuch zu einem unvergesslichen Erlebnis werden..<\/p>\n<table style=\"color: #111111;\">\n<tbody>\n<tr>\n<td width=\"500\"><img loading=\"lazy\" decoding=\"async\" class=\"size-full wp-image-705 alignnone\" src=\"http:\/\/tobagoparadise.de\/wp-content\/uploads\/2016\/05\/20160510_131209.jpg\" alt=\"20160510_131209\" width=\"500\" height=\"335\" srcset=\"http:\/\/tobagoparadise.de\/wp-content\/uploads\/2016\/05\/20160510_131209.jpg 500w, http:\/\/tobagoparadise.de\/wp-content\/uploads\/2016\/05\/20160510_131209-150x101.jpg 150w, http:\/\/tobagoparadise.de\/wp-content\/uploads\/2016\/05\/20160510_131209-300x201.jpg 300w, http:\/\/tobagoparadise.de\/wp-content\/uploads\/2016\/05\/20160510_131209-448x300.jpg 448w\" sizes=\"(max-width: 500px) 100vw, 500px\" \/><img loading=\"lazy\" decoding=\"async\" class=\"size-full wp-image-706 alignnone\" src=\"http:\/\/tobagoparadise.de\/wp-content\/uploads\/2016\/05\/20160510_131453.jpg\" alt=\"20160510_131453\" width=\"500\" height=\"335\" srcset=\"http:\/\/tobagoparadise.de\/wp-content\/uploads\/2016\/05\/20160510_131453.jpg 500w, http:\/\/tobagoparadise.de\/wp-content\/uploads\/2016\/05\/20160510_131453-150x101.jpg 150w, http:\/\/tobagoparadise.de\/wp-content\/uploads\/2016\/05\/20160510_131453-300x201.jpg 300w, http:\/\/tobagoparadise.de\/wp-content\/uploads\/2016\/05\/20160510_131453-448x300.jpg 448w\" sizes=\"(max-width: 500px) 100vw, 500px\" \/><\/td>\n<td width=\"500\"><img loading=\"lazy\" decoding=\"async\" class=\"size-full wp-image-707 alignnone\" src=\"http:\/\/tobagoparadise.de\/wp-content\/uploads\/2016\/05\/20160510_132223.jpg\" alt=\"20160510_132223\" width=\"500\" height=\"335\" srcset=\"http:\/\/tobagoparadise.de\/wp-content\/uploads\/2016\/05\/20160510_132223.jpg 500w, http:\/\/tobagoparadise.de\/wp-content\/uploads\/2016\/05\/20160510_132223-150x101.jpg 150w, http:\/\/tobagoparadise.de\/wp-content\/uploads\/2016\/05\/20160510_132223-300x201.jpg 300w, http:\/\/tobagoparadise.de\/wp-content\/uploads\/2016\/05\/20160510_132223-448x300.jpg 448w\" sizes=\"(max-width: 500px) 100vw, 500px\" \/><img loading=\"lazy\" decoding=\"async\" class=\"aligncenter wp-image-704 size-full\" src=\"http:\/\/tobagoparadise.de\/wp-content\/uploads\/2016\/05\/20160510_130413.jpg\" width=\"500\" height=\"335\" srcset=\"http:\/\/tobagoparadise.de\/wp-content\/uploads\/2016\/05\/20160510_130413.jpg 500w, http:\/\/tobagoparadise.de\/wp-content\/uploads\/2016\/05\/20160510_130413-150x101.jpg 150w, http:\/\/tobagoparadise.de\/wp-content\/uploads\/2016\/05\/20160510_130413-300x201.jpg 300w, http:\/\/tobagoparadise.de\/wp-content\/uploads\/2016\/05\/20160510_130413-448x300.jpg 448w\" sizes=\"(max-width: 500px) 100vw, 500px\" \/><\/td>\n<\/tr>\n<\/tbody>\n<\/table>\n","protected":false},"excerpt":{"rendered":"<p>Pigeon Point Der bekannteste Strand auf Tobago, und wahrscheinlich auch das am meisten fotografierte Motiv. Der Pigeon Point kostet kleines Geld Eintritt, auch hat man die M\u00f6glichkeit gegen kleines Geld sich Liegest\u00fchle zu leihen. Unbedingt zum Lunch und zum Sunset &hellip; <a href=\"http:\/\/tobagoparadise.de\/?page_id=97\">Weiterlesen <span class=\"meta-nav\">&rarr;<\/span><\/a><\/p>\n","protected":false},"author":1,"featured_media":0,"parent":0,"menu_order":0,"comment_status":"closed","ping_status":"closed","template":"showcase.php","meta":{"footnotes":""},"class_list":["post-97","page","type-page","status-publish","hentry"],"_links":{"self":[{"href":"http:\/\/tobagoparadise.de\/index.php?rest_route=\/wp\/v2\/pages\/97"}],"collection":[{"href":"http:\/\/tobagoparadise.de\/index.php?rest_route=\/wp\/v2\/pages"}],"about":[{"href":"http:\/\/tobagoparadise.de\/index.php?rest_route=\/wp\/v2\/types\/page"}],"author":[{"embeddable":true,"href":"http:\/\/tobagoparadise.de\/index.php?rest_route=\/wp\/v2\/users\/1"}],"replies":[{"embeddable":true,"href":"http:\/\/tobagoparadise.de\/index.php?rest_route=%2Fwp%2Fv2%2Fcomments&post=97"}],"version-history":[{"count":75,"href":"http:\/\/tobagoparadise.de\/index.php?rest_route=\/wp\/v2\/pages\/97\/revisions"}],"predecessor-version":[{"id":714,"href":"http:\/\/tobagoparadise.de\/index.php?rest_route=\/wp\/v2\/pages\/97\/revisions\/714"}],"wp:attachment":[{"href":"http:\/\/tobagoparadise.de\/index.php?rest_route=%2Fwp%2Fv2%2Fmedia&parent=97"}],"curies":[{"name":"wp","href":"https:\/\/api.w.org\/{rel}","templated":true}]}}