{"id":94,"date":"2014-08-19T12:51:19","date_gmt":"2014-08-19T10:51:19","guid":{"rendered":"http:\/\/tobagoparadise.de\/?page_id=94"},"modified":"2016-05-26T20:18:58","modified_gmt":"2016-05-26T18:18:58","slug":"ausfluege","status":"publish","type":"page","link":"http:\/\/tobagoparadise.de\/?page_id=94","title":{"rendered":"Ausfl\u00fcge"},"content":{"rendered":"<p style=\"text-align: justify;\">Tobago ist wie geschaffen f\u00fcr Ausfl\u00fcge. Sei es mit dem Boot aufs Meer hinaus oder mit dem Leihwagen die Insel zu erkunden, beides lohnt sich.<\/p>\n<p style=\"text-align: justify;\">Da Tobago eine Insel ist, bieten sich Ausfl\u00fcge mit dem Boot nat\u00fcrlich an. Die stilvollste Art ist hier nat\u00fcrlich das Segelboot. Hier k\u00f6nnen wir unseren Freund Captain Markus nur empfehlen. Er ist mit seiner Picante, einem stattlichen Catamaran der Tipp f\u00fcr Touren rund um Tobago oder auch auf die Grenadinen oder nach Grenada.<\/p>\n<p><a href=\"http:\/\/www.yachtpleasures.com\" target=\"_blank\"><img loading=\"lazy\" decoding=\"async\" class=\"aligncenter wp-image-222\" src=\"http:\/\/tobagoparadise.de\/wp-content\/uploads\/2014\/08\/home31.png\" alt=\"home3\" width=\"907\" height=\"307\" srcset=\"http:\/\/tobagoparadise.de\/wp-content\/uploads\/2014\/08\/home31.png 709w, http:\/\/tobagoparadise.de\/wp-content\/uploads\/2014\/08\/home31-300x101.png 300w, http:\/\/tobagoparadise.de\/wp-content\/uploads\/2014\/08\/home31-500x169.png 500w\" sizes=\"(max-width: 907px) 100vw, 907px\" \/><\/a><\/p>\n<p style=\"text-align: justify;\">Ein Erlebnis der besonderen Art findet man in Buccoo bei Veronika auf Ihrer\u00a0<a href=\"http:\/\/www.being-with-horses.com\/\" target=\"_blank\">Being-with-horses<\/a> Farm. Man erlebt\u00a0gef\u00fchrte Ausritte an die Buccoo Beach auf einem Pferd ohne Sattel und hat so die perfekte Kombination aus nat\u00fcrlicher Umgebung und dem Erlebnis Reiten. Und ganz nebenbei spricht Veronika neben englisch auch deutsch.<\/p>\n<p><a href=\"http:\/\/www.being-with-horses.com\/\" target=\"_blank\"><img loading=\"lazy\" decoding=\"async\" class=\"aligncenter wp-image-663 size-full\" src=\"http:\/\/tobagoparadise.de\/wp-content\/uploads\/2016\/05\/beingwithhorses.jpg\" width=\"907\" height=\"377\" srcset=\"http:\/\/tobagoparadise.de\/wp-content\/uploads\/2016\/05\/beingwithhorses.jpg 907w, http:\/\/tobagoparadise.de\/wp-content\/uploads\/2016\/05\/beingwithhorses-150x62.jpg 150w, http:\/\/tobagoparadise.de\/wp-content\/uploads\/2016\/05\/beingwithhorses-300x125.jpg 300w, http:\/\/tobagoparadise.de\/wp-content\/uploads\/2016\/05\/beingwithhorses-768x319.jpg 768w, http:\/\/tobagoparadise.de\/wp-content\/uploads\/2016\/05\/beingwithhorses-500x208.jpg 500w\" sizes=\"(max-width: 907px) 100vw, 907px\" \/><\/a><\/p>\n<p style=\"text-align: justify;\"><img loading=\"lazy\" decoding=\"async\" class=\"aligncenter wp-image-669 size-full\" src=\"http:\/\/tobagoparadise.de\/wp-content\/uploads\/2014\/08\/PhotoGrid_1462583116219.jpg\" width=\"900\" height=\"900\" srcset=\"http:\/\/tobagoparadise.de\/wp-content\/uploads\/2014\/08\/PhotoGrid_1462583116219.jpg 900w, http:\/\/tobagoparadise.de\/wp-content\/uploads\/2014\/08\/PhotoGrid_1462583116219-150x150.jpg 150w, http:\/\/tobagoparadise.de\/wp-content\/uploads\/2014\/08\/PhotoGrid_1462583116219-300x300.jpg 300w, http:\/\/tobagoparadise.de\/wp-content\/uploads\/2014\/08\/PhotoGrid_1462583116219-768x768.jpg 768w\" sizes=\"(max-width: 900px) 100vw, 900px\" \/> Neben diesen oben genannten\u00a0Ausfl\u00fcgen spricht auch dagegen bei Ausfl\u00fcge, die direkt von autorisierten Tourguides (erkennbar meist an Shirts mit aufgen\u00e4htem Emblem) an den Str\u00e4nden angeboten werden, teilzunehmen. Wichtig hierbei ist jedoch, da\u00df zumindest Unterlagen, Flyer oder eine Bildermappe zur Pr\u00e4sentation vorhanden sind.<\/p>\n<p style=\"text-align: justify;\">Und nat\u00fcrlich spricht auch \u00fcberhaupt nichts dagegen, sich selbst auf eigene Faust mit dem Leihwagen oder auch per Routetaxi auf den Weg zu machen, die Insel zu erkunden. Eine kleine Landkarte bekommt man \u00fcberall, Tobago ist nicht gross und die Menschen sind offen daf\u00fcr, jedem Besucher weiter zu helfen und auch noch gute Tipps f\u00fcr einen der <strong><a title=\"Str\u00e4nde\" href=\"http:\/\/tobagoparadise.de\/?page_id=97\">Str\u00e4nde<\/a><\/strong> zu geben. Neben den Str\u00e4nden gibt es aber auch noch eine Menge von <strong><a title=\"Sehensw\u00fcrdigkeiten\" href=\"http:\/\/tobagoparadise.de\/?page_id=262\">Sehensw\u00fcrdigkeiten<\/a><\/strong>, die sich lohnen zu besuchen.<\/p>\n","protected":false},"excerpt":{"rendered":"<p>Tobago ist wie geschaffen f\u00fcr Ausfl\u00fcge. Sei es mit dem Boot aufs Meer hinaus oder mit dem Leihwagen die Insel zu erkunden, beides lohnt sich. Da Tobago eine Insel ist, bieten sich Ausfl\u00fcge mit dem Boot nat\u00fcrlich an. Die stilvollste &hellip; <a href=\"http:\/\/tobagoparadise.de\/?page_id=94\">Weiterlesen <span class=\"meta-nav\">&rarr;<\/span><\/a><\/p>\n","protected":false},"author":1,"featured_media":0,"parent":0,"menu_order":0,"comment_status":"closed","ping_status":"closed","template":"showcase.php","meta":{"footnotes":""},"class_list":["post-94","page","type-page","status-publish","hentry"],"_links":{"self":[{"href":"http:\/\/tobagoparadise.de\/index.php?rest_route=\/wp\/v2\/pages\/94"}],"collection":[{"href":"http:\/\/tobagoparadise.de\/index.php?rest_route=\/wp\/v2\/pages"}],"about":[{"href":"http:\/\/tobagoparadise.de\/index.php?rest_route=\/wp\/v2\/types\/page"}],"author":[{"embeddable":true,"href":"http:\/\/tobagoparadise.de\/index.php?rest_route=\/wp\/v2\/users\/1"}],"replies":[{"embeddable":true,"href":"http:\/\/tobagoparadise.de\/index.php?rest_route=%2Fwp%2Fv2%2Fcomments&post=94"}],"version-history":[{"count":25,"href":"http:\/\/tobagoparadise.de\/index.php?rest_route=\/wp\/v2\/pages\/94\/revisions"}],"predecessor-version":[{"id":671,"href":"http:\/\/tobagoparadise.de\/index.php?rest_route=\/wp\/v2\/pages\/94\/revisions\/671"}],"wp:attachment":[{"href":"http:\/\/tobagoparadise.de\/index.php?rest_route=%2Fwp%2Fv2%2Fmedia&parent=94"}],"curies":[{"name":"wp","href":"https:\/\/api.w.org\/{rel}","templated":true}]}}