{"id":88,"date":"2014-08-19T12:49:41","date_gmt":"2014-08-19T10:49:41","guid":{"rendered":"http:\/\/tobagoparadise.de\/?page_id=88"},"modified":"2014-09-04T08:22:15","modified_gmt":"2014-09-04T08:22:15","slug":"tobago","status":"publish","type":"page","link":"http:\/\/tobagoparadise.de\/?page_id=88","title":{"rendered":"Tobago"},"content":{"rendered":"<p style=\"text-align: justify;\"><a href=\"http:\/\/tobagoparadise.de\/wp-content\/uploads\/2014\/08\/Trinidad-Tobago-map.jpg\"><img loading=\"lazy\" decoding=\"async\" class=\"alignleft wp-image-171 \" src=\"http:\/\/tobagoparadise.de\/wp-content\/uploads\/2014\/08\/Trinidad-Tobago-map.jpg\" alt=\"Trinidad Tobago - map\" width=\"271\" height=\"180\" \/><\/a>Tobago ist die kleinere der beiden karibischen Schwesterinseln Trinidad und Tobago, kurz auch TT genannt.<br \/>\n<strong><a title=\"Geographie\" href=\"http:\/\/tobagoparadise.de\/?page_id=160\">Geographisch<\/a><\/strong> geh\u00f6ren beide Inseln zu den kleinen Antillen oder auch Westindische Inseln (West Indies) genannt.<br \/>\n<strong><a title=\"Geschichte\" href=\"http:\/\/tobagoparadise.de\/?page_id=153\">Geschichtlich<\/a><\/strong> haben beide Inseln eine bewegte Vergangenheit mit st\u00e4ndig wechselnden Besitzern und Kolonialherren.<br \/>\nDie beiden Inseln, die von 1889 bis 1962 eine britische Kolonie waren, unterscheiden sich grunds\u00e4tzlich. Trinidad ist mehr als 15 mal gr\u00f6\u00dfer als Tobago, was aber haupts\u00e4chlich an der vergleichsweisen &#8222;Winzigkeit&#8220; von Tobago liegt. Trinidad besitzt eine ausgebaute Petroindustrie mit moderner Infrastruktur.<\/p>\n<p style=\"text-align: justify;\">Tobago ist die kleine Urlaubsinsel mit weitgehend unber\u00fchrter\u00a0<strong><a title=\"Natur\" href=\"http:\/\/tobagoparadise.de\/?page_id=167\">Natur<\/a><\/strong> und dem typischen karibischen Flair geblieben.<\/p>\n<p style=\"text-align: justify;\">Das <strong><a title=\"Wetter\" href=\"http:\/\/tobagoparadise.de\/?page_id=136\">Klima<\/a><\/strong> ist tropisch und gekennzeichnet von ganzj\u00e4hrig hohen Temperaturen um 28 \u00b0C mit geringen Schwankungen.<\/p>\n<p style=\"text-align: justify;\">Die meisten der 50.000 Einwohner leben im dichter besiedelten Westen der Insel zwischen Crown Point und der Inselhauptstadt Scarborough, gleichzeitig Hauptstadt der Region Western Tobago. In diesem durch Stra\u00dfen gut erschlossenen Siedlungsband gehen viele Ortschaften nahtlos ineinander \u00fcber, wie Crown Point, Canaan, Bon Accord und Lowlands. Im bergigen Ostteil gibt es neben Roxborough, Hauptstadt der Region Eastern Tobago, nur kleine Ortschaften in den Buchten an der K\u00fcste, die \u00fcber schmale Stra\u00dfen erreichbar sind. Im Norden sind das beispielsweise Castara, Parlatuvier und L\u2019Anse Fourmi, im Osten Charlotteville und Speyside.<\/p>\n<p style=\"text-align: justify;\">Grunds\u00e4tzlich empfiehlt es sich f\u00fcr Besucher, die etwas von der Insel sehen m\u00f6chten, sich ein Auto zu mieten. Das Angebot ist gro\u00df und die Preise sind bezahlbar. Jedoch ist es auch ohne eigenes Auto m\u00f6glich, es gibt auch noch andere Verkehrsmittel.<\/p>\n<p style=\"text-align: justify;\">Obwohl Tobago s\u00fcdlich der Hurrikan-gef\u00e4hrdeten Zone der Karibik liegt, wurde die Insel am 30. September 1963 vom Hurrikan Flora schwer verw\u00fcstet &#8211; viele Plantagen wurden zerst\u00f6rt. 2004 wurde Tobago vom Hurrikan Ivan &#8211; aber weit weniger stark &#8211; in Mitleidenschaft gezogen.<\/p>\n","protected":false},"excerpt":{"rendered":"<p>Tobago ist die kleinere der beiden karibischen Schwesterinseln Trinidad und Tobago, kurz auch TT genannt. Geographisch geh\u00f6ren beide Inseln zu den kleinen Antillen oder auch Westindische Inseln (West Indies) genannt. Geschichtlich haben beide Inseln eine bewegte Vergangenheit mit st\u00e4ndig wechselnden &hellip; <a href=\"http:\/\/tobagoparadise.de\/?page_id=88\">Weiterlesen <span class=\"meta-nav\">&rarr;<\/span><\/a><\/p>\n","protected":false},"author":1,"featured_media":0,"parent":0,"menu_order":0,"comment_status":"closed","ping_status":"closed","template":"showcase.php","meta":{"footnotes":""},"class_list":["post-88","page","type-page","status-publish","hentry"],"_links":{"self":[{"href":"http:\/\/tobagoparadise.de\/index.php?rest_route=\/wp\/v2\/pages\/88"}],"collection":[{"href":"http:\/\/tobagoparadise.de\/index.php?rest_route=\/wp\/v2\/pages"}],"about":[{"href":"http:\/\/tobagoparadise.de\/index.php?rest_route=\/wp\/v2\/types\/page"}],"author":[{"embeddable":true,"href":"http:\/\/tobagoparadise.de\/index.php?rest_route=\/wp\/v2\/users\/1"}],"replies":[{"embeddable":true,"href":"http:\/\/tobagoparadise.de\/index.php?rest_route=%2Fwp%2Fv2%2Fcomments&post=88"}],"version-history":[{"count":25,"href":"http:\/\/tobagoparadise.de\/index.php?rest_route=\/wp\/v2\/pages\/88\/revisions"}],"predecessor-version":[{"id":542,"href":"http:\/\/tobagoparadise.de\/index.php?rest_route=\/wp\/v2\/pages\/88\/revisions\/542"}],"wp:attachment":[{"href":"http:\/\/tobagoparadise.de\/index.php?rest_route=%2Fwp%2Fv2%2Fmedia&parent=88"}],"curies":[{"name":"wp","href":"https:\/\/api.w.org\/{rel}","templated":true}]}}