{"id":595,"date":"2014-09-05T10:47:43","date_gmt":"2014-09-05T08:47:43","guid":{"rendered":"http:\/\/tobagoparadise.de\/?page_id=595"},"modified":"2018-12-28T13:06:59","modified_gmt":"2018-12-28T11:06:59","slug":"besucherinfos","status":"publish","type":"page","link":"http:\/\/tobagoparadise.de\/?page_id=595","title":{"rendered":"Besucherinfos"},"content":{"rendered":"<h1 style=\"text-align: center;\">Das Wichtigste f\u00fcr Besucher im Schnelldurchgang<\/h1>\n<ul>\n<li style=\"list-style-type: none;\">\n<ul>\n<li>die beste Reisezeit ist immer, n\u00e4heres findet man unter <a title=\"Klima\" href=\"http:\/\/tobagoparadise.de\/?page_id=136\">Klima<\/a><\/li>\n<li>von Deutschland gibt es Direktfl\u00fcge von Frankfurt nach Tobago Airport mit <a href=\"http:\/\/www.condor.com\/ibe\/cfi\/de\/flight\/search.xhtml?dwSessionId=C313856398DDB72AD427C2CA6F31FE2B.www_content04\" target=\"_blank\" rel=\"noopener\">Condor<\/a>, immer Montags<\/li>\n<li>die Stromspannung betr\u00e4gt 110V, ein passender Steckadapter sollte mitgenommen werden, oder bei mehr Ger\u00e4ten einen Adapter und eine deutsche Steckdosenleiste<\/li>\n<\/ul>\n<\/li>\n<\/ul>\n<ul>\n<li style=\"list-style-type: none;\">\n<ul>\n<li style=\"text-align: justify;\">Smartphones und Handys funktionieren, jedoch sollte man, wenn man smartphoneaffin ist, sich eine SIM Karte von <a href=\"http:\/\/www.digiceltt.com\/\" target=\"_blank\" rel=\"noopener\">Digicel<\/a>\u00a0mit Flat besorgen, die gibt es bei den netten Ladies im Digicel Shop in der <a href=\"http:\/\/gulfcitymalltt.com\/gulf-tobago\/\" target=\"_blank\" rel=\"noopener\">Mall<\/a> f\u00fcr kleines Geld<\/li>\n<\/ul>\n<\/li>\n<\/ul>\n<ul>\n<li style=\"list-style-type: none;\">\n<ul>\n<li style=\"text-align: justify;\">es herrscht Linksverkehr, die Strassen sind gefahrlos befahrbar, ein Mietwagen wird empfohlen, n\u00e4heres unter <a title=\"Verkehr\" href=\"http:\/\/tobagoparadise.de\/?page_id=208\">Verkehr<\/a><\/li>\n<\/ul>\n<\/li>\n<\/ul>\n<ul>\n<li style=\"list-style-type: none;\">\n<ul>\n<li style=\"text-align: justify;\">Alle Lebensmittel sind risikolos, auch die, die an Obstst\u00e4nden an der Strasse verkauft werden, jedoch sollte man immer f\u00fcr einen ausreichenden Vorrat an Wasser sorgen<\/li>\n<\/ul>\n<\/li>\n<\/ul>\n<ul>\n<li style=\"list-style-type: none;\">\n<ul>\n<li style=\"text-align: justify;\">Regional und Saisonal kann es zu punktuellen Moskito Angriffen kommen, hier hilft OFF Spray aus dem Supermarkt zuverl\u00e4ssig<\/li>\n<\/ul>\n<\/li>\n<\/ul>\n<ul>\n<li style=\"text-align: justify;\">die lokale W\u00e4hrung ist der der Trinidad and Tobago Dollar, kurz TT$, er orientiert sich am US$, <a href=\"https:\/\/cuex.com\/de\/eur-ttd?gclid=CNKgidbJu8kCFYJqfgodgTED5g\" target=\"_blank\" rel=\"noopener\">Umrechnungsfaktor<\/a> 1 \u20ac entspricht ca 8 TT$<\/li>\n<\/ul>\n","protected":false},"excerpt":{"rendered":"<p>Das Wichtigste f\u00fcr Besucher im Schnelldurchgang die beste Reisezeit ist immer, n\u00e4heres findet man unter Klima von Deutschland gibt es Direktfl\u00fcge von Frankfurt nach Tobago Airport mit Condor, immer Montags die Stromspannung betr\u00e4gt 110V, ein passender Steckadapter sollte mitgenommen werden, &hellip; <a href=\"http:\/\/tobagoparadise.de\/?page_id=595\">Weiterlesen <span class=\"meta-nav\">&rarr;<\/span><\/a><\/p>\n","protected":false},"author":1,"featured_media":0,"parent":0,"menu_order":0,"comment_status":"closed","ping_status":"open","template":"showcase.php","meta":{"footnotes":""},"class_list":["post-595","page","type-page","status-publish","hentry"],"_links":{"self":[{"href":"http:\/\/tobagoparadise.de\/index.php?rest_route=\/wp\/v2\/pages\/595"}],"collection":[{"href":"http:\/\/tobagoparadise.de\/index.php?rest_route=\/wp\/v2\/pages"}],"about":[{"href":"http:\/\/tobagoparadise.de\/index.php?rest_route=\/wp\/v2\/types\/page"}],"author":[{"embeddable":true,"href":"http:\/\/tobagoparadise.de\/index.php?rest_route=\/wp\/v2\/users\/1"}],"replies":[{"embeddable":true,"href":"http:\/\/tobagoparadise.de\/index.php?rest_route=%2Fwp%2Fv2%2Fcomments&post=595"}],"version-history":[{"count":18,"href":"http:\/\/tobagoparadise.de\/index.php?rest_route=\/wp\/v2\/pages\/595\/revisions"}],"predecessor-version":[{"id":908,"href":"http:\/\/tobagoparadise.de\/index.php?rest_route=\/wp\/v2\/pages\/595\/revisions\/908"}],"wp:attachment":[{"href":"http:\/\/tobagoparadise.de\/index.php?rest_route=%2Fwp%2Fv2%2Fmedia&parent=595"}],"curies":[{"name":"wp","href":"https:\/\/api.w.org\/{rel}","templated":true}]}}