{"id":262,"date":"2014-09-01T11:20:39","date_gmt":"2014-09-01T11:20:39","guid":{"rendered":"http:\/\/tobagoparadise.de\/?page_id=262"},"modified":"2014-09-05T15:08:18","modified_gmt":"2014-09-05T13:08:18","slug":"sehenswuerdigkeiten","status":"publish","type":"page","link":"http:\/\/tobagoparadise.de\/?page_id=262","title":{"rendered":"Sehensw\u00fcrdigkeiten"},"content":{"rendered":"<h2 style=\"font-weight: normal;\"><strong><span id=\"Sehensw.C3.BCrdigkeiten\" class=\"mw-headline\">Sehensw\u00fcrdigkeiten<\/span><\/strong><\/h2>\n<ul>\n<li style=\"text-align: justify;\"><a href=\"https:\/\/www.google.de\/maps\/@11.1836377,-60.7344371,16z\" target=\"_blank\"><strong>Scarborough<\/strong><\/a> mit dem <a href=\"https:\/\/www.google.de\/maps\/@11.1836377,-60.7344371,16z\" target=\"_blank\"><strong>Fort King George<\/strong><\/a>.\u00a0Die Inselhauptstadt\u00a0Scarborough\u00a0liegt im S\u00fcdwesten der Insel am Ufer der Rockly Bay. Die Stadt z\u00e4hlt etwas unter 20.000 Einwohner und ist das lebendige Gesch\u00e4ftszentrum der Insel. Oberhalb der Stadt befindet sich das Fort King George, 1777-79 im gregorianischen Stil erbaut. Die gut erhaltene Festung beherbergt auch das Tobago Historical Museum und bietet einen guten Ausblick \u00fcber die Rockly Bay und Scarborough.<\/li>\n<li style=\"text-align: justify;\"><a href=\"https:\/\/www.google.de\/maps\/@11.1692495,-60.8253318,15z\" target=\"_blank\"><strong>Pigeon Point<\/strong><\/a>\u00a0ist der bekannteste Badestrand auf Tobago im Westen der Insel. Der Sandstrand mit den \u00fcber das blaue Wasser ragenden Palmen und dem Steg mit einer palmgedeckten H\u00fctte ist eines der klassischen Fotomotive der gesamten Karibik.<\/li>\n<li style=\"text-align: justify;\"><a href=\"https:\/\/www.google.de\/maps\/@11.1797749,-60.8289367,15z\" target=\"_blank\"><strong>Buccoo Reef<\/strong>.<\/a>\u00a0Unweit von Pigeon Point erstreckt sich das Korallenriff Buccoo Reef, dessen Fischreichtum viele Schnorchler und Touristen in Glasbodenbooten anzieht.<\/li>\n<li style=\"text-align: justify;\"><a href=\"https:\/\/www.google.de\/maps\/@11.2962056,-60.5624462,14z\" target=\"_blank\"><strong>Argyle-Waterfall<\/strong><\/a>.\u00a0Der Argyle Wasserfall befindet sich im S\u00fcdosten der Insel, etwas landeinw\u00e4rts der Stadt\u00a0Roxborough. In einigen Bassins des Wasserfalls ist das Baden m\u00f6glich. Der Zugang zu dem Wasserfall ist jedoch kostenpflichtig.<\/li>\n<li style=\"text-align: justify;\"><a href=\"https:\/\/www.google.de\/maps\/@11.3051273,-60.5196167,14z\" target=\"_blank\"><strong>Little Tobago<\/strong><\/a>.\u00a0Little Tobago ist eine kleine, unbewohnte Insel vor der Ostspitze Tobagos. Little Tobago ist besonders wegen seines Vogelreichtums bekannt.<\/li>\n<li style=\"text-align: justify;\"><a href=\"https:\/\/www.google.de\/maps\/@11.3269463,-60.5557085,15z\" target=\"_blank\"><strong>Charlotteville<\/strong><\/a> mit <a href=\"https:\/\/www.google.de\/maps\/@11.3269463,-60.5557085,15z\" target=\"_blank\"><strong>Pirates Bay<\/strong><\/a>.\u00a0Charlotteville\u00a0ist ein kleines, malerisches Fischerdorf im \u00e4u\u00dfersten Nordosten der Insel an der Man O\u2019War Bay gelegen. Eine zweite, direkte n\u00f6rdlich angrenzende Bucht, die Pirates Bay, ist ein ehemaliger R\u00fcckzugsort von Seer\u00e4ubern und heute beliebtes Schnorchelrevier.<\/li>\n<li style=\"text-align: justify;\"><a href=\"https:\/\/www.google.de\/maps\/@11.2794136,-60.6050182,14z\" target=\"_blank\"><strong>Tobago Forest Reserve<\/strong><\/a>.\u00a0Der Regenwald Tobagos, der sich im Osten der Insel parallel zur Nordk\u00fcste entlang des Gebirgszugs Main Ridge verl\u00e4uft, ist das \u00e4lteste unber\u00fchrte Regenwaldgebiet der westlichen Hemisph\u00e4re und das \u00e4lteste Naturschutzgebiet der Welt. Der Regenwald wird von einer Stra\u00dfe in nord-s\u00fcdlicher Richtung zwischen Parlatuvier an der Nordk\u00fcste und Roxborough im S\u00fcden durchzogen, die an der h\u00f6chsten Stelle der Main Ridge die kleine Station \u201eMain Ridge Forest Reserve and Creation Site\u201c passiert, die als Ausgangspunkt f\u00fcr gef\u00fchrte Wanderungen durch den Regenwald dient.<\/li>\n<\/ul>\n<p><a href=\"http:\/\/tobagoparadise.de\/wp-content\/uploads\/2014\/09\/Tobago-Map.jpg\" target=\"_blank\"><img loading=\"lazy\" decoding=\"async\" class=\"aligncenter wp-image-275 size-full\" title=\"Landkarte\" src=\"http:\/\/tobagoparadise.de\/wp-content\/uploads\/2014\/09\/Tobago-Map.jpg\" alt=\"Tobago-Map\" width=\"1000\" height=\"707\" srcset=\"http:\/\/tobagoparadise.de\/wp-content\/uploads\/2014\/09\/Tobago-Map.jpg 1000w, http:\/\/tobagoparadise.de\/wp-content\/uploads\/2014\/09\/Tobago-Map-300x212.jpg 300w, http:\/\/tobagoparadise.de\/wp-content\/uploads\/2014\/09\/Tobago-Map-424x300.jpg 424w\" sizes=\"(max-width: 1000px) 100vw, 1000px\" \/><\/a><\/p>\n","protected":false},"excerpt":{"rendered":"<p>Sehensw\u00fcrdigkeiten Scarborough mit dem Fort King George.\u00a0Die Inselhauptstadt\u00a0Scarborough\u00a0liegt im S\u00fcdwesten der Insel am Ufer der Rockly Bay. Die Stadt z\u00e4hlt etwas unter 20.000 Einwohner und ist das lebendige Gesch\u00e4ftszentrum der Insel. Oberhalb der Stadt befindet sich das Fort King George, &hellip; <a href=\"http:\/\/tobagoparadise.de\/?page_id=262\">Weiterlesen <span class=\"meta-nav\">&rarr;<\/span><\/a><\/p>\n","protected":false},"author":1,"featured_media":0,"parent":88,"menu_order":0,"comment_status":"open","ping_status":"open","template":"showcase.php","meta":{"footnotes":""},"class_list":["post-262","page","type-page","status-publish","hentry"],"_links":{"self":[{"href":"http:\/\/tobagoparadise.de\/index.php?rest_route=\/wp\/v2\/pages\/262"}],"collection":[{"href":"http:\/\/tobagoparadise.de\/index.php?rest_route=\/wp\/v2\/pages"}],"about":[{"href":"http:\/\/tobagoparadise.de\/index.php?rest_route=\/wp\/v2\/types\/page"}],"author":[{"embeddable":true,"href":"http:\/\/tobagoparadise.de\/index.php?rest_route=\/wp\/v2\/users\/1"}],"replies":[{"embeddable":true,"href":"http:\/\/tobagoparadise.de\/index.php?rest_route=%2Fwp%2Fv2%2Fcomments&post=262"}],"version-history":[{"count":12,"href":"http:\/\/tobagoparadise.de\/index.php?rest_route=\/wp\/v2\/pages\/262\/revisions"}],"predecessor-version":[{"id":618,"href":"http:\/\/tobagoparadise.de\/index.php?rest_route=\/wp\/v2\/pages\/262\/revisions\/618"}],"up":[{"embeddable":true,"href":"http:\/\/tobagoparadise.de\/index.php?rest_route=\/wp\/v2\/pages\/88"}],"wp:attachment":[{"href":"http:\/\/tobagoparadise.de\/index.php?rest_route=%2Fwp%2Fv2%2Fmedia&parent=262"}],"curies":[{"name":"wp","href":"https:\/\/api.w.org\/{rel}","templated":true}]}}