{"id":208,"date":"2014-08-26T13:53:26","date_gmt":"2014-08-26T13:53:26","guid":{"rendered":"http:\/\/tobagoparadise.de\/?page_id=208"},"modified":"2014-08-26T13:57:38","modified_gmt":"2014-08-26T13:57:38","slug":"verkehr","status":"publish","type":"page","link":"http:\/\/tobagoparadise.de\/?page_id=208","title":{"rendered":"Verkehr"},"content":{"rendered":"<h1>Verkehr<\/h1>\n<p style=\"text-align: justify;\">In Tobago gilt Linksverkehr, h\u00f6rt sich schwieriger an, als es ist. Die Umgew\u00f6hnung dauert nur kurze Zeit, und weil es in Tobago eh etwas gem\u00fctlicher zugeht, hat man die Zeit zur Umgew\u00f6hnung.<\/p>\n<p style=\"text-align: justify;\">Die einzige zweispurige Stra\u00dfe der Insel, der\u00a0Claude-Noel-Highway, f\u00fchrt von Scarborough zum Flughafen. Die\u00a0Windward Road\u00a0f\u00fchrt an der S\u00fcdk\u00fcste entlang nach Roxborough und weiter nach Charlotteville. Die\u00a0Northside Road\u00a0f\u00fchrt \u00fcber Moriah an die Nordk\u00fcste und dort nach\u00a0Castara, Parlatuvier und L\u00b4Anse Fourmi. Die\u00a0Parlatuvier Road\u00a0quert die Insel und verbindet Roxborough mit Parlatuvier. Seit 2007 verbindet die\u00a0Hermitage Road Charlotteville mit Parlatuvier.<\/p>\n<p style=\"text-align: justify;\">Von Scarborough fahren blau-wei\u00df lackierte Busse der\u00a0Public Transport Service Corporation (PTSC). Die Hauptrouten sind: Richtung Westen nach\u00a0Crown Point\u00a0und Black Rock, Richtung Osten nach Charlotteville und Richtung Norden nach Moriah,\u00a0Castara\u00a0und L&#8217;Anse Fourmi. Die Fahrkarten sind sehr g\u00fcnstig (zwischen 3 und 8 TT$, entspricht 50 \u20accent bis 1 \u20ac) und m\u00fcssen vor Antritt der Fahrt gekauft werden.<\/p>\n<p style=\"text-align: justify;\">Die gleichen Routen werden auch von\u00a0Sammeltaxis\u00a0befahren &#8211; sie hei\u00dfen hier\u00a0Maxi-Taxis\u00a0(blau-wei\u00df lackierte Kleinbusse mit 8 Sitzpl\u00e4tzen) und\u00a0Routetaxis (PKW mit 4 Sitzpl\u00e4tzen). Beide Arten k\u00f6nnen auf freier Strecke angehalten werden.<\/p>\n<p style=\"text-align: justify;\">Im S\u00fcdwesten liegt der\u00a0Crown Point International Airport\u00a0mit t\u00e4glichen Verbindungen nach Port of Spain und einigen internationalen Fl\u00fcgen, darunter auch mit Condor Direktflug nach\u00a0Frankfurt am Main.<\/p>\n<p style=\"text-align: justify;\">Der einzige Hafen liegt in Scarborough. Vom F\u00e4hrterminal fahren Schnellf\u00e4hren in 2,5 Stunden nach Port of Spain auf Trinidad.<\/p>\n","protected":false},"excerpt":{"rendered":"<p>Verkehr In Tobago gilt Linksverkehr, h\u00f6rt sich schwieriger an, als es ist. Die Umgew\u00f6hnung dauert nur kurze Zeit, und weil es in Tobago eh etwas gem\u00fctlicher zugeht, hat man die Zeit zur Umgew\u00f6hnung. Die einzige zweispurige Stra\u00dfe der Insel, der\u00a0Claude-Noel-Highway, &hellip; <a href=\"http:\/\/tobagoparadise.de\/?page_id=208\">Weiterlesen <span class=\"meta-nav\">&rarr;<\/span><\/a><\/p>\n","protected":false},"author":1,"featured_media":0,"parent":88,"menu_order":0,"comment_status":"open","ping_status":"open","template":"showcase.php","meta":{"footnotes":""},"class_list":["post-208","page","type-page","status-publish","hentry"],"_links":{"self":[{"href":"http:\/\/tobagoparadise.de\/index.php?rest_route=\/wp\/v2\/pages\/208"}],"collection":[{"href":"http:\/\/tobagoparadise.de\/index.php?rest_route=\/wp\/v2\/pages"}],"about":[{"href":"http:\/\/tobagoparadise.de\/index.php?rest_route=\/wp\/v2\/types\/page"}],"author":[{"embeddable":true,"href":"http:\/\/tobagoparadise.de\/index.php?rest_route=\/wp\/v2\/users\/1"}],"replies":[{"embeddable":true,"href":"http:\/\/tobagoparadise.de\/index.php?rest_route=%2Fwp%2Fv2%2Fcomments&post=208"}],"version-history":[{"count":2,"href":"http:\/\/tobagoparadise.de\/index.php?rest_route=\/wp\/v2\/pages\/208\/revisions"}],"predecessor-version":[{"id":211,"href":"http:\/\/tobagoparadise.de\/index.php?rest_route=\/wp\/v2\/pages\/208\/revisions\/211"}],"up":[{"embeddable":true,"href":"http:\/\/tobagoparadise.de\/index.php?rest_route=\/wp\/v2\/pages\/88"}],"wp:attachment":[{"href":"http:\/\/tobagoparadise.de\/index.php?rest_route=%2Fwp%2Fv2%2Fmedia&parent=208"}],"curies":[{"name":"wp","href":"https:\/\/api.w.org\/{rel}","templated":true}]}}