{"id":167,"date":"2014-08-26T10:31:58","date_gmt":"2014-08-26T10:31:58","guid":{"rendered":"http:\/\/tobagoparadise.de\/?page_id=167"},"modified":"2014-09-04T08:22:59","modified_gmt":"2014-09-04T08:22:59","slug":"natur","status":"publish","type":"page","link":"http:\/\/tobagoparadise.de\/?page_id=167","title":{"rendered":"Natur"},"content":{"rendered":"<p style=\"text-align: justify;\"><a href=\"http:\/\/tobagoparadise.de\/wp-content\/uploads\/2014\/08\/6a00e54ff27602883401348015902c970c.gif\"><img loading=\"lazy\" decoding=\"async\" class=\"alignleft wp-image-186\" src=\"http:\/\/tobagoparadise.de\/wp-content\/uploads\/2014\/08\/6a00e54ff27602883401348015902c970c.gif\" alt=\"6a00e54ff27602883401348015902c970c\" width=\"418\" height=\"278\" \/><\/a>Vor der Insel liegen die s\u00fcdlichsten Korallenriffe der Karibik. Das traumhafte &#8222;Buccoo Reef &#8220; mit seinem t\u00fcrkis schimmernden Wasser und Sandb\u00e4nken wird auch Nylon Pool genannt. Ein Bad im Nylon Pool soll Frauen 10 Jahre j\u00fcnger und M\u00e4nner 10 Jahre weiser machen.<\/p>\n<p style=\"text-align: justify;\">Das Buccoo Reef ist das Zeil vieler Ausflugsfahrten, sei es mit einem Glasbodenboot oder einem Speedboot, es ist einer der besten Orte um einen <strong><a title=\"Sunset\" href=\"http:\/\/tobagoparadise.de\/?page_id=348\">Sonnenuntergang<\/a><\/strong> zu erleben.<\/p>\n<p style=\"text-align: justify;\"><a href=\"http:\/\/tobagoparadise.de\/wp-content\/uploads\/2014\/08\/turtle.jpg\"><img loading=\"lazy\" decoding=\"async\" class=\"alignright wp-image-190\" src=\"http:\/\/tobagoparadise.de\/wp-content\/uploads\/2014\/08\/turtle.jpg\" alt=\"turtle\" width=\"418\" height=\"292\" \/><\/a><\/p>\n<p style=\"text-align: justify;\">An der Nordk\u00fcste Tobagos legen an einigen Str\u00e4nden, rund um die Ortschaft Black Rock, die gef\u00e4hrdeten Lederschildkr\u00f6ten ihre Eier ab. Hier sind vor allem die Turtle Beach und die Stonehaven Bay das Ziel der Schildkr\u00f6ten. An diesen Str\u00e4nden kann man nachts die Tiere beobachten, aber die Bitte &#8222;niemals st\u00f6ren&#8220; sollte man aus Respekt beherzigen .<br \/>\n<a href=\"http:\/\/tobagoparadise.de\/wp-content\/uploads\/2014\/08\/P0000784.jpg\"><img loading=\"lazy\" decoding=\"async\" class=\"alignleft wp-image-195\" src=\"http:\/\/tobagoparadise.de\/wp-content\/uploads\/2014\/08\/P0000784.jpg\" alt=\"P0000784\" width=\"418\" height=\"279\" srcset=\"http:\/\/tobagoparadise.de\/wp-content\/uploads\/2014\/08\/P0000784.jpg 1536w, http:\/\/tobagoparadise.de\/wp-content\/uploads\/2014\/08\/P0000784-300x200.jpg 300w, http:\/\/tobagoparadise.de\/wp-content\/uploads\/2014\/08\/P0000784-1024x682.jpg 1024w, http:\/\/tobagoparadise.de\/wp-content\/uploads\/2014\/08\/P0000784-450x300.jpg 450w\" sizes=\"(max-width: 418px) 100vw, 418px\" \/><\/a><\/p>\n<p>&nbsp;<\/p>\n<p>&nbsp;<\/p>\n<p style=\"text-align: justify;\">Eine Besonderheit Tobago&#8217;s ist das wahrscheinlich \u00e4lteste Naturschutzgebiet der Welt: Seit dem 13. April 1776 steht der Regenwald im Gebiet des \u201eMain Ridge Forest Reserve and Creation Site\u201c unter Naturschutz. Dadurch wurde die Abholzung des Regenwaldes durch britische Plantagenbesitzer verhindert, welche das gerodete Land zum Zuckeranbau nutzen wollten. Diesem Umstand ist es zu verdanken, dass Tobago eine beeindruckende Artenvielfalt, vor allem an V\u00f6geln, aufzuweisen hat.\u00a0Die kleinen Nachbarinseln Little Tobago und St. Giles gelten als wichtige Brutpl\u00e4tze f\u00fcr V\u00f6gel.<\/p>\n","protected":false},"excerpt":{"rendered":"<p>Vor der Insel liegen die s\u00fcdlichsten Korallenriffe der Karibik. Das traumhafte &#8222;Buccoo Reef &#8220; mit seinem t\u00fcrkis schimmernden Wasser und Sandb\u00e4nken wird auch Nylon Pool genannt. Ein Bad im Nylon Pool soll Frauen 10 Jahre j\u00fcnger und M\u00e4nner 10 Jahre &hellip; <a href=\"http:\/\/tobagoparadise.de\/?page_id=167\">Weiterlesen <span class=\"meta-nav\">&rarr;<\/span><\/a><\/p>\n","protected":false},"author":1,"featured_media":0,"parent":88,"menu_order":0,"comment_status":"open","ping_status":"open","template":"showcase.php","meta":{"footnotes":""},"class_list":["post-167","page","type-page","status-publish","hentry"],"_links":{"self":[{"href":"http:\/\/tobagoparadise.de\/index.php?rest_route=\/wp\/v2\/pages\/167"}],"collection":[{"href":"http:\/\/tobagoparadise.de\/index.php?rest_route=\/wp\/v2\/pages"}],"about":[{"href":"http:\/\/tobagoparadise.de\/index.php?rest_route=\/wp\/v2\/types\/page"}],"author":[{"embeddable":true,"href":"http:\/\/tobagoparadise.de\/index.php?rest_route=\/wp\/v2\/users\/1"}],"replies":[{"embeddable":true,"href":"http:\/\/tobagoparadise.de\/index.php?rest_route=%2Fwp%2Fv2%2Fcomments&post=167"}],"version-history":[{"count":21,"href":"http:\/\/tobagoparadise.de\/index.php?rest_route=\/wp\/v2\/pages\/167\/revisions"}],"predecessor-version":[{"id":543,"href":"http:\/\/tobagoparadise.de\/index.php?rest_route=\/wp\/v2\/pages\/167\/revisions\/543"}],"up":[{"embeddable":true,"href":"http:\/\/tobagoparadise.de\/index.php?rest_route=\/wp\/v2\/pages\/88"}],"wp:attachment":[{"href":"http:\/\/tobagoparadise.de\/index.php?rest_route=%2Fwp%2Fv2%2Fmedia&parent=167"}],"curies":[{"name":"wp","href":"https:\/\/api.w.org\/{rel}","templated":true}]}}