{"id":160,"date":"2014-08-26T09:39:48","date_gmt":"2014-08-26T09:39:48","guid":{"rendered":"http:\/\/tobagoparadise.de\/?page_id=160"},"modified":"2014-08-26T11:43:32","modified_gmt":"2014-08-26T11:43:32","slug":"geographie","status":"publish","type":"page","link":"http:\/\/tobagoparadise.de\/?page_id=160","title":{"rendered":"Geographie"},"content":{"rendered":"<h1><a href=\"http:\/\/tobagoparadise.de\/wp-content\/uploads\/2014\/08\/map.jpg\" target=\"_blank\"><img loading=\"lazy\" decoding=\"async\" class=\"alignright wp-image-111 size-full\" src=\"http:\/\/tobagoparadise.de\/wp-content\/uploads\/2014\/08\/map.jpg\" alt=\"map\" width=\"500\" height=\"362\" \/><\/a><br \/>\nGeographie<\/h1>\n<p style=\"text-align: justify;\">Tobago\u00a0geh\u00f6rt zu den Kleinen Antillen und liegt zwischen der s\u00fcdlichen Karibik und dem Atlantik, etwa 30 km nord\u00f6stlich von Trinidad. Die n\u00e4chste Antilleninsel ist das ungef\u00e4hr 150 km im Nordwesten gelegene Grenada. Tobago liegt also innerhalb des Karibischen Meeres.<br \/>\nTobago\u00a0ist 40,7 km lang und 11,9 km breit. Mehr als die H\u00e4lfte der Insel wird von einem bewaldeten Gebirgszug bedeckt, die h\u00f6chste Erhebung ist der Pigeon Peak mit 576 m. W\u00e4hrend im S\u00fcdwesten die Insel flach und sandig ist, pr\u00e4sentiert sich der Norden felsig. Die K\u00fcste ist hier stark zerkl\u00fcftet, unterbrochen von sandigen kleinen Buchten mit einsamen Str\u00e4nden..<br \/>\nTobago hat eine Fl\u00e4che von 300 km\u00b2 (mit den Nebeninseln Little Tobago, St. Giles Island, Goat Island und Sisters&#8216; Rock 303 km\u00b2).<\/p>\n","protected":false},"excerpt":{"rendered":"<p>Geographie Tobago\u00a0geh\u00f6rt zu den Kleinen Antillen und liegt zwischen der s\u00fcdlichen Karibik und dem Atlantik, etwa 30 km nord\u00f6stlich von Trinidad. Die n\u00e4chste Antilleninsel ist das ungef\u00e4hr 150 km im Nordwesten gelegene Grenada. Tobago liegt also innerhalb des Karibischen Meeres. &hellip; <a href=\"http:\/\/tobagoparadise.de\/?page_id=160\">Weiterlesen <span class=\"meta-nav\">&rarr;<\/span><\/a><\/p>\n","protected":false},"author":1,"featured_media":0,"parent":88,"menu_order":0,"comment_status":"open","ping_status":"open","template":"showcase.php","meta":{"footnotes":""},"class_list":["post-160","page","type-page","status-publish","hentry"],"_links":{"self":[{"href":"http:\/\/tobagoparadise.de\/index.php?rest_route=\/wp\/v2\/pages\/160"}],"collection":[{"href":"http:\/\/tobagoparadise.de\/index.php?rest_route=\/wp\/v2\/pages"}],"about":[{"href":"http:\/\/tobagoparadise.de\/index.php?rest_route=\/wp\/v2\/types\/page"}],"author":[{"embeddable":true,"href":"http:\/\/tobagoparadise.de\/index.php?rest_route=\/wp\/v2\/users\/1"}],"replies":[{"embeddable":true,"href":"http:\/\/tobagoparadise.de\/index.php?rest_route=%2Fwp%2Fv2%2Fcomments&post=160"}],"version-history":[{"count":3,"href":"http:\/\/tobagoparadise.de\/index.php?rest_route=\/wp\/v2\/pages\/160\/revisions"}],"predecessor-version":[{"id":178,"href":"http:\/\/tobagoparadise.de\/index.php?rest_route=\/wp\/v2\/pages\/160\/revisions\/178"}],"up":[{"embeddable":true,"href":"http:\/\/tobagoparadise.de\/index.php?rest_route=\/wp\/v2\/pages\/88"}],"wp:attachment":[{"href":"http:\/\/tobagoparadise.de\/index.php?rest_route=%2Fwp%2Fv2%2Fmedia&parent=160"}],"curies":[{"name":"wp","href":"https:\/\/api.w.org\/{rel}","templated":true}]}}