{"id":136,"date":"2014-08-26T08:10:31","date_gmt":"2014-08-26T08:10:31","guid":{"rendered":"http:\/\/tobagoparadise.de\/?page_id=136"},"modified":"2014-09-04T07:52:07","modified_gmt":"2014-09-04T07:52:07","slug":"wetter","status":"publish","type":"page","link":"http:\/\/tobagoparadise.de\/?page_id=136","title":{"rendered":"Klima"},"content":{"rendered":"<h1 style=\"color: #ac3402;\"><span style=\"color: #000000;\">Das Klima\u00a0in Tobago<\/span><\/h1>\n<p style=\"color: #ac3402; text-align: justify;\"><span style=\"color: #000000;\">In vielen Reisef\u00fchrern wird die beste Reisezeit f\u00fcr Tobago von Januar bis Anfang Mai genannt. Dem k\u00f6nnen wir nur bedingt zustimmen. Gerade in den ersten 3 Monaten des\u00a0Jahres ist es oft sehr heiss und trocken und das Klima ist nicht unbedingt tropisch feucht. Gerade dieses feuchte Klima, mit Regen in der Nacht und auch kurzen Regenschauern tags\u00fcber, ist sehr angenehm. Auch w\u00e4hrend der Regenschauer k\u00fchlt es nicht ab und der Regen ist angenehm warm. Von Juli bis Oktober ist Hurrikansaison in der Karibik. Tobago bleibt normalerweise aber von diesen verschont.<\/span><\/p>\n<p style=\"color: #ac3402; text-align: justify;\"><img loading=\"lazy\" decoding=\"async\" class=\"aligncenter size-full wp-image-538\" src=\"http:\/\/tobagoparadise.de\/wp-content\/uploads\/2014\/09\/Klimatabelle.jpg\" alt=\"Klimatabelle\" width=\"855\" height=\"236\" srcset=\"http:\/\/tobagoparadise.de\/wp-content\/uploads\/2014\/09\/Klimatabelle.jpg 855w, http:\/\/tobagoparadise.de\/wp-content\/uploads\/2014\/09\/Klimatabelle-150x41.jpg 150w, http:\/\/tobagoparadise.de\/wp-content\/uploads\/2014\/09\/Klimatabelle-300x82.jpg 300w, http:\/\/tobagoparadise.de\/wp-content\/uploads\/2014\/09\/Klimatabelle-500x138.jpg 500w\" sizes=\"(max-width: 855px) 100vw, 855px\" \/><\/p>\n<p style=\"text-align: justify;\">Unsere Lieblingsreisezeiten sind Anfang April und Ende August. Das passt insoweit auch recht gut, weil wir beide genau in diesen Zeiten Geburtstag haben.<\/p>\n","protected":false},"excerpt":{"rendered":"<p>Das Klima\u00a0in Tobago In vielen Reisef\u00fchrern wird die beste Reisezeit f\u00fcr Tobago von Januar bis Anfang Mai genannt. Dem k\u00f6nnen wir nur bedingt zustimmen. Gerade in den ersten 3 Monaten des\u00a0Jahres ist es oft sehr heiss und trocken und das &hellip; <a href=\"http:\/\/tobagoparadise.de\/?page_id=136\">Weiterlesen <span class=\"meta-nav\">&rarr;<\/span><\/a><\/p>\n","protected":false},"author":1,"featured_media":0,"parent":88,"menu_order":0,"comment_status":"open","ping_status":"open","template":"showcase.php","meta":{"footnotes":""},"class_list":["post-136","page","type-page","status-publish","hentry"],"_links":{"self":[{"href":"http:\/\/tobagoparadise.de\/index.php?rest_route=\/wp\/v2\/pages\/136"}],"collection":[{"href":"http:\/\/tobagoparadise.de\/index.php?rest_route=\/wp\/v2\/pages"}],"about":[{"href":"http:\/\/tobagoparadise.de\/index.php?rest_route=\/wp\/v2\/types\/page"}],"author":[{"embeddable":true,"href":"http:\/\/tobagoparadise.de\/index.php?rest_route=\/wp\/v2\/users\/1"}],"replies":[{"embeddable":true,"href":"http:\/\/tobagoparadise.de\/index.php?rest_route=%2Fwp%2Fv2%2Fcomments&post=136"}],"version-history":[{"count":57,"href":"http:\/\/tobagoparadise.de\/index.php?rest_route=\/wp\/v2\/pages\/136\/revisions"}],"predecessor-version":[{"id":540,"href":"http:\/\/tobagoparadise.de\/index.php?rest_route=\/wp\/v2\/pages\/136\/revisions\/540"}],"up":[{"embeddable":true,"href":"http:\/\/tobagoparadise.de\/index.php?rest_route=\/wp\/v2\/pages\/88"}],"wp:attachment":[{"href":"http:\/\/tobagoparadise.de\/index.php?rest_route=%2Fwp%2Fv2%2Fmedia&parent=136"}],"curies":[{"name":"wp","href":"https:\/\/api.w.org\/{rel}","templated":true}]}}