{"id":116,"date":"2014-08-25T14:43:50","date_gmt":"2014-08-25T14:43:50","guid":{"rendered":"http:\/\/tobagoparadise.de\/?page_id=116"},"modified":"2016-10-31T18:54:03","modified_gmt":"2016-10-31T16:54:03","slug":"cocktails","status":"publish","type":"page","link":"http:\/\/tobagoparadise.de\/?page_id=116","title":{"rendered":"Fastfood"},"content":{"rendered":"<p style=\"text-align: justify;\">Beim Fastfood in Tobago unterscheiden wir ganz grob zwischen Pizza und Chicken.<\/p>\n<p style=\"text-align: justify;\">Gerade Chicken sind in der Karibik sehr h\u00e4ufig auf dem t\u00e4glichen Speiseplan zu finden. Neben der weltweit bekannten Kette KFC (in Scarborough am Hafen und in der Lowlands Mall) findet man in Tobago auch noch Royal Castle (in Crown Point an der Ecke Pigeon Point Road und Milford Road und in Scarborough), Church Chicken (in Crown Point) und Chicken Rooster (am Flughafen). Neben diesen Chicken, die mit einer w\u00fcrzigen Panade zubereitet werden gibt es auch noch klassische Chicken, an der Pigeon Point Road die arabischen Skewers und Andr\u00e9&#8217;s Griller liefern mit viel Knoblauch, aber es spricht auch nichts dagegen, an einem BBQ Stand einzukaufen. Diese St\u00e4nde werden meist von Frauen betrieben und es handelt sich hier um wirkliches Local Food.<\/p>\n<table>\n<tbody>\n<tr>\n<td width=\"307\">\u00a0<img loading=\"lazy\" decoding=\"async\" class=\"alignleft wp-image-403\" src=\"http:\/\/tobagoparadise.de\/wp-content\/uploads\/2014\/08\/20120823_170115-1.jpg\" alt=\"20120823_170115 (1)\" width=\"400\" height=\"268\" srcset=\"http:\/\/tobagoparadise.de\/wp-content\/uploads\/2014\/08\/20120823_170115-1.jpg 500w, http:\/\/tobagoparadise.de\/wp-content\/uploads\/2014\/08\/20120823_170115-1-300x201.jpg 300w, http:\/\/tobagoparadise.de\/wp-content\/uploads\/2014\/08\/20120823_170115-1-447x300.jpg 447w\" sizes=\"(max-width: 400px) 100vw, 400px\" \/><\/td>\n<td width=\"307\">\u00a0<img loading=\"lazy\" decoding=\"async\" class=\"alignleft wp-image-406\" src=\"http:\/\/tobagoparadise.de\/wp-content\/uploads\/2014\/08\/kfc.jpg\" alt=\"kfc\" width=\"400\" height=\"268\" srcset=\"http:\/\/tobagoparadise.de\/wp-content\/uploads\/2014\/08\/kfc.jpg 500w, http:\/\/tobagoparadise.de\/wp-content\/uploads\/2014\/08\/kfc-300x201.jpg 300w, http:\/\/tobagoparadise.de\/wp-content\/uploads\/2014\/08\/kfc-447x300.jpg 447w\" sizes=\"(max-width: 400px) 100vw, 400px\" \/><\/td>\n<\/tr>\n<tr>\n<td width=\"307\">\u00a0<img loading=\"lazy\" decoding=\"async\" class=\"alignleft wp-image-404\" src=\"http:\/\/tobagoparadise.de\/wp-content\/uploads\/2014\/08\/20130410_171309.jpg\" alt=\"20130410_171309\" width=\"400\" height=\"268\" srcset=\"http:\/\/tobagoparadise.de\/wp-content\/uploads\/2014\/08\/20130410_171309.jpg 500w, http:\/\/tobagoparadise.de\/wp-content\/uploads\/2014\/08\/20130410_171309-300x201.jpg 300w, http:\/\/tobagoparadise.de\/wp-content\/uploads\/2014\/08\/20130410_171309-447x300.jpg 447w\" sizes=\"(max-width: 400px) 100vw, 400px\" \/><\/td>\n<td width=\"307\">\u00a0<img loading=\"lazy\" decoding=\"async\" class=\"alignleft wp-image-405\" src=\"http:\/\/tobagoparadise.de\/wp-content\/uploads\/2014\/08\/IMG_20130412_143443.jpg\" alt=\"IMG_20130412_143443\" width=\"400\" height=\"268\" srcset=\"http:\/\/tobagoparadise.de\/wp-content\/uploads\/2014\/08\/IMG_20130412_143443.jpg 500w, http:\/\/tobagoparadise.de\/wp-content\/uploads\/2014\/08\/IMG_20130412_143443-300x201.jpg 300w, http:\/\/tobagoparadise.de\/wp-content\/uploads\/2014\/08\/IMG_20130412_143443-447x300.jpg 447w\" sizes=\"(max-width: 400px) 100vw, 400px\" \/><\/td>\n<\/tr>\n<\/tbody>\n<\/table>\n<p style=\"text-align: justify;\">Einen echten Geheimtip gibt es in Golden Groove\u00a0an der Shirvan Road hinter\u00a0dem spanischen Restaurant. Genauer kann man es nicht beschreiben. Dort befindet sich <a href=\"https:\/\/www.google.de\/maps\/@11.1686036,-60.7992175,17z\" target=\"_blank\"><strong>Gerardo&#8217;s Smokehouse<\/strong><\/a>. Ein wirklich authentisches Restaurant in dem haupts\u00e4chlich Einheimische zu finden sind. Alles ist frisch und lecker. Es gibt Burger, Chicken und Fisch original aus dem Smoker. Total urig und typisch. Wir sind dort sehr gerne.<\/p>\n<table>\n<tbody>\n<tr>\n<td width=\"307\">\u00a0<img loading=\"lazy\" decoding=\"async\" class=\"aligncenter wp-image-845 size-full\" src=\"http:\/\/tobagoparadise.de\/wp-content\/uploads\/2016\/10\/20160511_195530.jpg\" width=\"500\" height=\"281\" srcset=\"http:\/\/tobagoparadise.de\/wp-content\/uploads\/2016\/10\/20160511_195530.jpg 500w, http:\/\/tobagoparadise.de\/wp-content\/uploads\/2016\/10\/20160511_195530-150x84.jpg 150w, http:\/\/tobagoparadise.de\/wp-content\/uploads\/2016\/10\/20160511_195530-300x169.jpg 300w\" sizes=\"(max-width: 500px) 100vw, 500px\" \/><\/td>\n<td width=\"307\">\u00a0<img loading=\"lazy\" decoding=\"async\" class=\"aligncenter wp-image-844 size-full\" src=\"http:\/\/tobagoparadise.de\/wp-content\/uploads\/2016\/10\/20160511_195456.jpg\" width=\"500\" height=\"281\" srcset=\"http:\/\/tobagoparadise.de\/wp-content\/uploads\/2016\/10\/20160511_195456.jpg 500w, http:\/\/tobagoparadise.de\/wp-content\/uploads\/2016\/10\/20160511_195456-150x84.jpg 150w, http:\/\/tobagoparadise.de\/wp-content\/uploads\/2016\/10\/20160511_195456-300x169.jpg 300w\" sizes=\"(max-width: 500px) 100vw, 500px\" \/><\/td>\n<\/tr>\n<tr>\n<td width=\"307\"><\/td>\n<td width=\"307\"><\/td>\n<\/tr>\n<\/tbody>\n<\/table>\n<p style=\"text-align: justify;\">Pizzen bekommt man in Tobago bei Pizza Boys (in Crown Point, Pleasant Prospect und in Scarborough. Mann kann sich die Pizzen selbst zusammenstellen und auch die Gr\u00f6\u00dfe bestimmen. Der Geschmack ist wirklich als gut zu bezeichnen, besser als bei den meisten deutschen Lieferdiensten. Nat\u00fcrlich sind ehrlicherweise diese Pizzen nicht mit den Pizzen in La Cantina oder Ciao in Scarborough zu vergleichen.<\/p>\n<table>\n<tbody>\n<tr>\n<td width=\"307\">\u00a0<img loading=\"lazy\" decoding=\"async\" class=\"alignleft wp-image-411\" src=\"http:\/\/tobagoparadise.de\/wp-content\/uploads\/2014\/08\/20130405_184604.jpg\" alt=\"20130405_184604\" width=\"400\" height=\"268\" srcset=\"http:\/\/tobagoparadise.de\/wp-content\/uploads\/2014\/08\/20130405_184604.jpg 500w, http:\/\/tobagoparadise.de\/wp-content\/uploads\/2014\/08\/20130405_184604-300x201.jpg 300w, http:\/\/tobagoparadise.de\/wp-content\/uploads\/2014\/08\/20130405_184604-447x300.jpg 447w\" sizes=\"(max-width: 400px) 100vw, 400px\" \/><\/td>\n<td width=\"307\">\u00a0<img loading=\"lazy\" decoding=\"async\" class=\"alignleft wp-image-412\" src=\"http:\/\/tobagoparadise.de\/wp-content\/uploads\/2014\/08\/psq.jpg\" alt=\"\" width=\"400\" height=\"268\" srcset=\"http:\/\/tobagoparadise.de\/wp-content\/uploads\/2014\/08\/psq.jpg 500w, http:\/\/tobagoparadise.de\/wp-content\/uploads\/2014\/08\/psq-300x201.jpg 300w, http:\/\/tobagoparadise.de\/wp-content\/uploads\/2014\/08\/psq-447x300.jpg 447w\" sizes=\"(max-width: 400px) 100vw, 400px\" \/><\/td>\n<\/tr>\n<tr>\n<td width=\"307\">\u00a0<img loading=\"lazy\" decoding=\"async\" class=\"alignleft wp-image-410\" src=\"http:\/\/tobagoparadise.de\/wp-content\/uploads\/2014\/08\/20120826_190755-1.jpg\" alt=\"20120826_190755 (1)\" width=\"400\" height=\"300\" srcset=\"http:\/\/tobagoparadise.de\/wp-content\/uploads\/2014\/08\/20120826_190755-1.jpg 500w, http:\/\/tobagoparadise.de\/wp-content\/uploads\/2014\/08\/20120826_190755-1-300x225.jpg 300w, http:\/\/tobagoparadise.de\/wp-content\/uploads\/2014\/08\/20120826_190755-1-400x300.jpg 400w\" sizes=\"(max-width: 400px) 100vw, 400px\" \/><\/td>\n<td width=\"307\">\u00a0<img loading=\"lazy\" decoding=\"async\" class=\"alignleft wp-image-409\" src=\"http:\/\/tobagoparadise.de\/wp-content\/uploads\/2014\/08\/20120826_190745-1.jpg\" alt=\"20120826_190745 (1)\" width=\"400\" height=\"300\" srcset=\"http:\/\/tobagoparadise.de\/wp-content\/uploads\/2014\/08\/20120826_190745-1.jpg 500w, http:\/\/tobagoparadise.de\/wp-content\/uploads\/2014\/08\/20120826_190745-1-300x225.jpg 300w, http:\/\/tobagoparadise.de\/wp-content\/uploads\/2014\/08\/20120826_190745-1-400x300.jpg 400w\" sizes=\"(max-width: 400px) 100vw, 400px\" \/><\/td>\n<\/tr>\n<\/tbody>\n<\/table>\n","protected":false},"excerpt":{"rendered":"<p>Beim Fastfood in Tobago unterscheiden wir ganz grob zwischen Pizza und Chicken. Gerade Chicken sind in der Karibik sehr h\u00e4ufig auf dem t\u00e4glichen Speiseplan zu finden. Neben der weltweit bekannten Kette KFC (in Scarborough am Hafen und in der Lowlands &hellip; <a href=\"http:\/\/tobagoparadise.de\/?page_id=116\">Weiterlesen <span class=\"meta-nav\">&rarr;<\/span><\/a><\/p>\n","protected":false},"author":1,"featured_media":0,"parent":102,"menu_order":0,"comment_status":"open","ping_status":"open","template":"showcase.php","meta":{"footnotes":""},"class_list":["post-116","page","type-page","status-publish","hentry"],"_links":{"self":[{"href":"http:\/\/tobagoparadise.de\/index.php?rest_route=\/wp\/v2\/pages\/116"}],"collection":[{"href":"http:\/\/tobagoparadise.de\/index.php?rest_route=\/wp\/v2\/pages"}],"about":[{"href":"http:\/\/tobagoparadise.de\/index.php?rest_route=\/wp\/v2\/types\/page"}],"author":[{"embeddable":true,"href":"http:\/\/tobagoparadise.de\/index.php?rest_route=\/wp\/v2\/users\/1"}],"replies":[{"embeddable":true,"href":"http:\/\/tobagoparadise.de\/index.php?rest_route=%2Fwp%2Fv2%2Fcomments&post=116"}],"version-history":[{"count":11,"href":"http:\/\/tobagoparadise.de\/index.php?rest_route=\/wp\/v2\/pages\/116\/revisions"}],"predecessor-version":[{"id":846,"href":"http:\/\/tobagoparadise.de\/index.php?rest_route=\/wp\/v2\/pages\/116\/revisions\/846"}],"up":[{"embeddable":true,"href":"http:\/\/tobagoparadise.de\/index.php?rest_route=\/wp\/v2\/pages\/102"}],"wp:attachment":[{"href":"http:\/\/tobagoparadise.de\/index.php?rest_route=%2Fwp%2Fv2%2Fmedia&parent=116"}],"curies":[{"name":"wp","href":"https:\/\/api.w.org\/{rel}","templated":true}]}}