{"id":114,"date":"2014-08-25T14:43:25","date_gmt":"2014-08-25T14:43:25","guid":{"rendered":"http:\/\/tobagoparadise.de\/?page_id=114"},"modified":"2019-01-04T10:53:18","modified_gmt":"2019-01-04T08:53:18","slug":"dinner","status":"publish","type":"page","link":"http:\/\/tobagoparadise.de\/?page_id=114","title":{"rendered":"Dinner"},"content":{"rendered":"<h2><a style=\"color: #1982d1;\" href=\"https:\/\/www.google.de\/maps\/@11.20053,-60.7887251,15z\" target=\"_blank\" rel=\"noopener\"><br \/>\nThe Seahorse Inn<br \/>\n<\/a><\/h2>\n<p style=\"color: #111111; text-align: justify;\">F\u00fcr uns die Nummer 1 f\u00fcr kulinarische Gen\u00fcsse. Das <strong><a href=\"http:\/\/www.seahorseinntobago.com\/index.html\" target=\"_blank\" rel=\"noopener\">Seahorse Inn<\/a><\/strong> ist eines der \u00e4ltesten Restaurants in Tobago und liegt direkt an der Stonehaven Bay. Besonders zu empfehlen sind die frischen Fisch und Lobster Gerichte, und wenn man zu Happy Hour kommt, dann kann man sehr gute Cocktails bei einem traumhaften <strong><a title=\"Sunset\" href=\"http:\/\/tobagoparadise.de\/?page_id=348\">Sonnenuntergang<\/a><\/strong> geniessen. Unbedingt zum Dinner vorher reservieren, sonst bleibt es beim Cocktail.<\/p>\n<table style=\"color: #111111;\">\n<tbody>\n<tr>\n<td width=\"500\">\u00a0<img loading=\"lazy\" decoding=\"async\" class=\"alignleft wp-image-322\" src=\"http:\/\/tobagoparadise.de\/wp-content\/uploads\/2014\/08\/DSC_0414.jpg\" alt=\"DSC_0414\" width=\"400\" height=\"268\" srcset=\"http:\/\/tobagoparadise.de\/wp-content\/uploads\/2014\/08\/DSC_0414.jpg 500w, http:\/\/tobagoparadise.de\/wp-content\/uploads\/2014\/08\/DSC_0414-300x201.jpg 300w, http:\/\/tobagoparadise.de\/wp-content\/uploads\/2014\/08\/DSC_0414-447x300.jpg 447w\" sizes=\"(max-width: 400px) 100vw, 400px\" \/><\/td>\n<td width=\"500\">\u00a0<img loading=\"lazy\" decoding=\"async\" class=\"alignleft wp-image-323\" src=\"http:\/\/tobagoparadise.de\/wp-content\/uploads\/2014\/08\/20120828_191150-1-e1409588498610.jpg\" alt=\"20120828_191150 (1)\" width=\"400\" height=\"270\" srcset=\"http:\/\/tobagoparadise.de\/wp-content\/uploads\/2014\/08\/20120828_191150-1-e1409588498610.jpg 497w, http:\/\/tobagoparadise.de\/wp-content\/uploads\/2014\/08\/20120828_191150-1-e1409588498610-300x202.jpg 300w, http:\/\/tobagoparadise.de\/wp-content\/uploads\/2014\/08\/20120828_191150-1-e1409588498610-445x300.jpg 445w\" sizes=\"(max-width: 400px) 100vw, 400px\" \/><\/td>\n<\/tr>\n<\/tbody>\n<\/table>\n<h2><strong><a style=\"color: #1982d1;\" href=\"https:\/\/www.google.de\/maps\/@11.1985724,-60.7913537,17z\" target=\"_blank\" rel=\"noopener\">The Fish Pot<\/a><\/strong><\/h2>\n<p style=\"color: #111111;\">In der N\u00e4he der Stonehaven Bay liegt Pleasant Prospect. Dort findet man im ersten Stock, gleich neben Pizza Boys und dem Supermarkt den <strong><a href=\"http:\/\/thefishpot.blogspot.de\/\" target=\"_blank\" rel=\"noopener\">Fishpot<\/a><\/strong>. Exzellentes Essen von der Tageskarte, absolut garantierte Frische und ein gem\u00fctliches Ambiente erwarten den Gast. Absolut empfehlenswert.<\/p>\n<table style=\"color: #111111;\">\n<tbody>\n<tr>\n<td width=\"500\">\u00a0<img loading=\"lazy\" decoding=\"async\" class=\"alignleft wp-image-330\" src=\"http:\/\/tobagoparadise.de\/wp-content\/uploads\/2014\/08\/dsc_201.jpg\" alt=\"dsc_201\" width=\"400\" height=\"300\" srcset=\"http:\/\/tobagoparadise.de\/wp-content\/uploads\/2014\/08\/dsc_201.jpg 500w, http:\/\/tobagoparadise.de\/wp-content\/uploads\/2014\/08\/dsc_201-300x225.jpg 300w, http:\/\/tobagoparadise.de\/wp-content\/uploads\/2014\/08\/dsc_201-400x300.jpg 400w\" sizes=\"(max-width: 400px) 100vw, 400px\" \/><\/td>\n<td width=\"500\">\u00a0<img loading=\"lazy\" decoding=\"async\" class=\"alignleft wp-image-329\" src=\"http:\/\/tobagoparadise.de\/wp-content\/uploads\/2014\/08\/20130902_194023.jpg\" alt=\"20130902_194023\" width=\"400\" height=\"300\" srcset=\"http:\/\/tobagoparadise.de\/wp-content\/uploads\/2014\/08\/20130902_194023.jpg 500w, http:\/\/tobagoparadise.de\/wp-content\/uploads\/2014\/08\/20130902_194023-300x225.jpg 300w, http:\/\/tobagoparadise.de\/wp-content\/uploads\/2014\/08\/20130902_194023-400x300.jpg 400w\" sizes=\"(max-width: 400px) 100vw, 400px\" \/><\/td>\n<\/tr>\n<\/tbody>\n<\/table>\n<h2><strong><a style=\"color: #1982d1;\" href=\"https:\/\/www.google.de\/maps\/@11.1571387,-60.83764,18z\" target=\"_blank\" rel=\"noopener\">La Cantina Pizzeria<\/a><\/strong><\/h2>\n<p style=\"text-align: justify;\">Am Crown Point, etwas abgelegen hinter einem Parkplatz bei einer Bank mit Geldautomat liegt unsere Lieblingspizzeria. Italiienisches Ambiente, ein richtiger Steinofen und wirklich delikate Pizzen, das macht das <strong><a href=\"http:\/\/lacantinapizzeria.com\/\" target=\"_blank\" rel=\"noopener\">La Cantina<\/a><\/strong> aus. Neben Pizza gibt es dort nat\u00fcrlich auch sehr gute Weine und italienische Antipasti.<\/p>\n<table style=\"color: #111111;\">\n<tbody>\n<tr>\n<td width=\"500\">\u00a0<img loading=\"lazy\" decoding=\"async\" class=\"alignleft wp-image-343\" src=\"http:\/\/tobagoparadise.de\/wp-content\/uploads\/2014\/08\/Tobago_2008-174.jpg\" alt=\"\" width=\"400\" height=\"268\" srcset=\"http:\/\/tobagoparadise.de\/wp-content\/uploads\/2014\/08\/Tobago_2008-174.jpg 500w, http:\/\/tobagoparadise.de\/wp-content\/uploads\/2014\/08\/Tobago_2008-174-300x201.jpg 300w, http:\/\/tobagoparadise.de\/wp-content\/uploads\/2014\/08\/Tobago_2008-174-447x300.jpg 447w\" sizes=\"(max-width: 400px) 100vw, 400px\" \/><\/td>\n<td width=\"500\">\u00a0<img loading=\"lazy\" decoding=\"async\" class=\"aligncenter wp-image-344\" src=\"http:\/\/tobagoparadise.de\/wp-content\/uploads\/2014\/08\/20140404_195433.jpg\" alt=\"\" width=\"400\" height=\"268\" srcset=\"http:\/\/tobagoparadise.de\/wp-content\/uploads\/2014\/08\/20140404_195433.jpg 500w, http:\/\/tobagoparadise.de\/wp-content\/uploads\/2014\/08\/20140404_195433-300x201.jpg 300w, http:\/\/tobagoparadise.de\/wp-content\/uploads\/2014\/08\/20140404_195433-447x300.jpg 447w\" sizes=\"(max-width: 400px) 100vw, 400px\" \/><\/td>\n<\/tr>\n<\/tbody>\n<\/table>\n","protected":false},"excerpt":{"rendered":"<p>The Seahorse Inn F\u00fcr uns die Nummer 1 f\u00fcr kulinarische Gen\u00fcsse. Das Seahorse Inn ist eines der \u00e4ltesten Restaurants in Tobago und liegt direkt an der Stonehaven Bay. Besonders zu empfehlen sind die frischen Fisch und Lobster Gerichte, und wenn &hellip; <a href=\"http:\/\/tobagoparadise.de\/?page_id=114\">Weiterlesen <span class=\"meta-nav\">&rarr;<\/span><\/a><\/p>\n","protected":false},"author":1,"featured_media":0,"parent":102,"menu_order":0,"comment_status":"open","ping_status":"open","template":"showcase.php","meta":{"footnotes":""},"class_list":["post-114","page","type-page","status-publish","hentry"],"_links":{"self":[{"href":"http:\/\/tobagoparadise.de\/index.php?rest_route=\/wp\/v2\/pages\/114"}],"collection":[{"href":"http:\/\/tobagoparadise.de\/index.php?rest_route=\/wp\/v2\/pages"}],"about":[{"href":"http:\/\/tobagoparadise.de\/index.php?rest_route=\/wp\/v2\/types\/page"}],"author":[{"embeddable":true,"href":"http:\/\/tobagoparadise.de\/index.php?rest_route=\/wp\/v2\/users\/1"}],"replies":[{"embeddable":true,"href":"http:\/\/tobagoparadise.de\/index.php?rest_route=%2Fwp%2Fv2%2Fcomments&post=114"}],"version-history":[{"count":22,"href":"http:\/\/tobagoparadise.de\/index.php?rest_route=\/wp\/v2\/pages\/114\/revisions"}],"predecessor-version":[{"id":915,"href":"http:\/\/tobagoparadise.de\/index.php?rest_route=\/wp\/v2\/pages\/114\/revisions\/915"}],"up":[{"embeddable":true,"href":"http:\/\/tobagoparadise.de\/index.php?rest_route=\/wp\/v2\/pages\/102"}],"wp:attachment":[{"href":"http:\/\/tobagoparadise.de\/index.php?rest_route=%2Fwp%2Fv2%2Fmedia&parent=114"}],"curies":[{"name":"wp","href":"https:\/\/api.w.org\/{rel}","templated":true}]}}