{"id":111,"date":"2014-08-25T14:40:57","date_gmt":"2014-08-25T14:40:57","guid":{"rendered":"http:\/\/tobagoparadise.de\/?page_id=111"},"modified":"2016-10-31T17:20:33","modified_gmt":"2016-10-31T15:20:33","slug":"lunch","status":"publish","type":"page","link":"http:\/\/tobagoparadise.de\/?page_id=111","title":{"rendered":"Bars"},"content":{"rendered":"<h2><a style=\"color: #1982d1;\" href=\"https:\/\/www.google.de\/maps\/@11.1698337,-60.8379918,17z\" target=\"_blank\"><strong>Traditions Beachbar<\/strong><\/a><\/h2>\n<p style=\"color: #111111;\">Die Traditions Bar liegt direkt am Pigeon Point. Man kann sowohl zur Lunchtime eine Kleinigkeit essen und trinken, wie auch nach Feierabend am Pigeon Point (17 Uhr, weil es kurz nach 18 Uhr schon dunkel wird) etwas essen und vor allem bei extrem cooler Musik den Sonnenuntergang und Cocktails geniessen. Gerade die Musik ist es wert, die Bar so oft es geht zu besuchen. David, Jason und die anderen Jungs wissen, wie man Party macht.<br \/>\nDas Essen ist dort auch besser, als man es von Strandbars gewohnt ist, frischer Fisch, Burger und vor allem die Garlic Shrimp lassen keine W\u00fcnsche offen. Die Cocktails werden mit viel Liebe zum Detail, besonders bei der Menge der Zutaten, gemacht. Wir bekommen die Pina Colada in den Gr\u00f6ssen ULTIMATE (Halbliterglas Stag) oder ULTRA Ultimate (ein ca 1 Liter Glas.<br \/>\nUnser absoluter Favorit.<\/p>\n<table style=\"color: #111111;\">\n<tbody>\n<tr>\n<td width=\"307\">\u00a0<img loading=\"lazy\" decoding=\"async\" class=\"alignleft wp-image-380\" src=\"http:\/\/tobagoparadise.de\/wp-content\/uploads\/2014\/08\/20130403_181205.jpg\" alt=\"\" width=\"400\" height=\"268\" srcset=\"http:\/\/tobagoparadise.de\/wp-content\/uploads\/2014\/08\/20130403_181205.jpg 500w, http:\/\/tobagoparadise.de\/wp-content\/uploads\/2014\/08\/20130403_181205-300x201.jpg 300w, http:\/\/tobagoparadise.de\/wp-content\/uploads\/2014\/08\/20130403_181205-447x300.jpg 447w\" sizes=\"(max-width: 400px) 100vw, 400px\" \/><\/td>\n<td width=\"307\">\u00a0<img loading=\"lazy\" decoding=\"async\" class=\"alignleft wp-image-382\" src=\"http:\/\/tobagoparadise.de\/wp-content\/uploads\/2014\/08\/20130403_144943.jpg\" alt=\"\" width=\"400\" height=\"268\" srcset=\"http:\/\/tobagoparadise.de\/wp-content\/uploads\/2014\/08\/20130403_144943.jpg 500w, http:\/\/tobagoparadise.de\/wp-content\/uploads\/2014\/08\/20130403_144943-300x201.jpg 300w, http:\/\/tobagoparadise.de\/wp-content\/uploads\/2014\/08\/20130403_144943-447x300.jpg 447w\" sizes=\"(max-width: 400px) 100vw, 400px\" \/><\/td>\n<\/tr>\n<tr>\n<td width=\"307\">\u00a0<img loading=\"lazy\" decoding=\"async\" class=\"alignleft wp-image-388\" src=\"http:\/\/tobagoparadise.de\/wp-content\/uploads\/2014\/08\/IMG_20140413_172704.jpg\" alt=\"\" width=\"400\" height=\"268\" srcset=\"http:\/\/tobagoparadise.de\/wp-content\/uploads\/2014\/08\/IMG_20140413_172704.jpg 500w, http:\/\/tobagoparadise.de\/wp-content\/uploads\/2014\/08\/IMG_20140413_172704-300x201.jpg 300w, http:\/\/tobagoparadise.de\/wp-content\/uploads\/2014\/08\/IMG_20140413_172704-447x300.jpg 447w\" sizes=\"(max-width: 400px) 100vw, 400px\" \/><\/td>\n<td width=\"307\">\u00a0<img loading=\"lazy\" decoding=\"async\" class=\"alignleft wp-image-385\" src=\"http:\/\/tobagoparadise.de\/wp-content\/uploads\/2014\/08\/IMG_20140413_183128.jpg\" alt=\"\" width=\"400\" height=\"268\" srcset=\"http:\/\/tobagoparadise.de\/wp-content\/uploads\/2014\/08\/IMG_20140413_183128.jpg 500w, http:\/\/tobagoparadise.de\/wp-content\/uploads\/2014\/08\/IMG_20140413_183128-300x201.jpg 300w, http:\/\/tobagoparadise.de\/wp-content\/uploads\/2014\/08\/IMG_20140413_183128-447x300.jpg 447w\" sizes=\"(max-width: 400px) 100vw, 400px\" \/><\/td>\n<\/tr>\n<\/tbody>\n<\/table>\n<div style=\"width: 640px; margin: 0 auto; max-width: 100%;\">\n<div style=\"width: 584px;\" class=\"wp-video\"><!--[if lt IE 9]><script>document.createElement('video');<\/script><![endif]-->\n<video class=\"wp-video-shortcode\" id=\"video-111-1\" width=\"584\" height=\"329\" preload=\"metadata\" controls=\"controls\"><source type=\"video\/mp4\" src=\"http:\/\/tobagoparadise.de\/wp-content\/uploads\/2014\/09\/mod_bar.mp4?_=1\" \/><a href=\"http:\/\/tobagoparadise.de\/wp-content\/uploads\/2014\/09\/mod_bar.mp4\">http:\/\/tobagoparadise.de\/wp-content\/uploads\/2014\/09\/mod_bar.mp4<\/a><\/video><\/div>\n<\/div>\n<h2><a style=\"color: #1982d1;\" href=\"https:\/\/www.google.de\/maps\/@11.1570659,-60.8355295,17z\" target=\"_blank\">The\u00a0Jade Monkey<br \/>\n<\/a><\/h2>\n<p style=\"color: #111111;\">Relativ neu gibt es das Jade Monkey in Crown Point an der Milford Road, zwischen Pigeon Point Road und Coco Reef. Gem\u00fctliche Bar, rustikal eingerichtet mit Barhockern an F\u00e4ssern oder gem\u00fctlichen B\u00e4nken mit Sofacharakter. Das Essen ist auch frisch und gut, die Cocktails sind sehr lecker. Eine Location, bei der man auch mal etwas l\u00e4nger feiern kann. Empfehlenswert.<\/p>\n<table style=\"color: #111111;\">\n<tbody>\n<tr>\n<td width=\"500\">\u00a0<img loading=\"lazy\" decoding=\"async\" class=\"alignleft wp-image-394\" src=\"http:\/\/tobagoparadise.de\/wp-content\/uploads\/2014\/08\/20140408_182002.jpg\" alt=\"20140408_182002\" width=\"400\" height=\"268\" srcset=\"http:\/\/tobagoparadise.de\/wp-content\/uploads\/2014\/08\/20140408_182002.jpg 500w, http:\/\/tobagoparadise.de\/wp-content\/uploads\/2014\/08\/20140408_182002-300x201.jpg 300w, http:\/\/tobagoparadise.de\/wp-content\/uploads\/2014\/08\/20140408_182002-447x300.jpg 447w\" sizes=\"(max-width: 400px) 100vw, 400px\" \/><\/td>\n<td width=\"500\">\u00a0<img loading=\"lazy\" decoding=\"async\" class=\"alignleft wp-image-393\" src=\"http:\/\/tobagoparadise.de\/wp-content\/uploads\/2014\/08\/20140408_175058.jpg\" alt=\"20140408_175058\" width=\"400\" height=\"268\" srcset=\"http:\/\/tobagoparadise.de\/wp-content\/uploads\/2014\/08\/20140408_175058.jpg 500w, http:\/\/tobagoparadise.de\/wp-content\/uploads\/2014\/08\/20140408_175058-300x201.jpg 300w, http:\/\/tobagoparadise.de\/wp-content\/uploads\/2014\/08\/20140408_175058-447x300.jpg 447w\" sizes=\"(max-width: 400px) 100vw, 400px\" \/><\/td>\n<\/tr>\n<\/tbody>\n<\/table>\n<h2><a style=\"color: #1982d1;\" href=\"https:\/\/www.google.de\/maps\/@11.1574975,-60.8153378,17z\" target=\"_blank\">APEX<br \/>\n<\/a><\/h2>\n<p style=\"color: #111111; text-align: justify;\">Im Komplex der neuen Shoppes @ Westcity in Canaan (direkt bei Pennysavers) liegt das Apex Bar &amp; Grill im 2. Stock. Sehr modern eingerichtet, eine sehr gut sortierte Bar und das Essen ist, obwohl es Buffet Essen ist, recht gut. Eine Alternative, wenn das Wetter f\u00fcr draussen nicht passt und man gepflegt essen und relaxen m\u00f6chte.<\/p>\n<table style=\"color: #111111;\">\n<tbody>\n<tr>\n<td width=\"500\">\u00a0<img loading=\"lazy\" decoding=\"async\" class=\"aligncenter wp-image-574 size-full\" src=\"http:\/\/tobagoparadise.de\/wp-content\/uploads\/2014\/08\/20140401_152711.jpg\" alt=\"\" width=\"500\" height=\"335\" srcset=\"http:\/\/tobagoparadise.de\/wp-content\/uploads\/2014\/08\/20140401_152711.jpg 500w, http:\/\/tobagoparadise.de\/wp-content\/uploads\/2014\/08\/20140401_152711-150x100.jpg 150w, http:\/\/tobagoparadise.de\/wp-content\/uploads\/2014\/08\/20140401_152711-300x201.jpg 300w, http:\/\/tobagoparadise.de\/wp-content\/uploads\/2014\/08\/20140401_152711-447x300.jpg 447w\" sizes=\"(max-width: 500px) 100vw, 500px\" \/><\/td>\n<td width=\"500\">\u00a0<img loading=\"lazy\" decoding=\"async\" class=\"aligncenter wp-image-575 size-full\" src=\"http:\/\/tobagoparadise.de\/wp-content\/uploads\/2014\/08\/IMG_20140405_175627.jpg\" alt=\"\" width=\"500\" height=\"335\" srcset=\"http:\/\/tobagoparadise.de\/wp-content\/uploads\/2014\/08\/IMG_20140405_175627.jpg 500w, http:\/\/tobagoparadise.de\/wp-content\/uploads\/2014\/08\/IMG_20140405_175627-150x100.jpg 150w, http:\/\/tobagoparadise.de\/wp-content\/uploads\/2014\/08\/IMG_20140405_175627-300x201.jpg 300w, http:\/\/tobagoparadise.de\/wp-content\/uploads\/2014\/08\/IMG_20140405_175627-447x300.jpg 447w\" sizes=\"(max-width: 500px) 100vw, 500px\" \/><\/td>\n<\/tr>\n<\/tbody>\n<\/table>\n","protected":false},"excerpt":{"rendered":"<p>Traditions Beachbar Die Traditions Bar liegt direkt am Pigeon Point. Man kann sowohl zur Lunchtime eine Kleinigkeit essen und trinken, wie auch nach Feierabend am Pigeon Point (17 Uhr, weil es kurz nach 18 Uhr schon dunkel wird) etwas essen &hellip; <a href=\"http:\/\/tobagoparadise.de\/?page_id=111\">Weiterlesen <span class=\"meta-nav\">&rarr;<\/span><\/a><\/p>\n","protected":false},"author":1,"featured_media":0,"parent":102,"menu_order":0,"comment_status":"closed","ping_status":"closed","template":"showcase.php","meta":{"footnotes":""},"class_list":["post-111","page","type-page","status-publish","hentry"],"_links":{"self":[{"href":"http:\/\/tobagoparadise.de\/index.php?rest_route=\/wp\/v2\/pages\/111"}],"collection":[{"href":"http:\/\/tobagoparadise.de\/index.php?rest_route=\/wp\/v2\/pages"}],"about":[{"href":"http:\/\/tobagoparadise.de\/index.php?rest_route=\/wp\/v2\/types\/page"}],"author":[{"embeddable":true,"href":"http:\/\/tobagoparadise.de\/index.php?rest_route=\/wp\/v2\/users\/1"}],"replies":[{"embeddable":true,"href":"http:\/\/tobagoparadise.de\/index.php?rest_route=%2Fwp%2Fv2%2Fcomments&post=111"}],"version-history":[{"count":24,"href":"http:\/\/tobagoparadise.de\/index.php?rest_route=\/wp\/v2\/pages\/111\/revisions"}],"predecessor-version":[{"id":841,"href":"http:\/\/tobagoparadise.de\/index.php?rest_route=\/wp\/v2\/pages\/111\/revisions\/841"}],"up":[{"embeddable":true,"href":"http:\/\/tobagoparadise.de\/index.php?rest_route=\/wp\/v2\/pages\/102"}],"wp:attachment":[{"href":"http:\/\/tobagoparadise.de\/index.php?rest_route=%2Fwp%2Fv2%2Fmedia&parent=111"}],"curies":[{"name":"wp","href":"https:\/\/api.w.org\/{rel}","templated":true}]}}