{"id":102,"date":"2014-08-19T12:53:07","date_gmt":"2014-08-19T10:53:07","guid":{"rendered":"http:\/\/tobagoparadise.de\/?page_id=100"},"modified":"2014-09-05T12:31:20","modified_gmt":"2014-09-05T10:31:20","slug":"essen-trinken","status":"publish","type":"page","link":"http:\/\/tobagoparadise.de\/?page_id=102","title":{"rendered":"Verpflegung"},"content":{"rendered":"<p style=\"text-align: justify;\">In Tobago gibt es zahlreiche M\u00f6glichkeiten sich selbst zu versorgen.<img loading=\"lazy\" decoding=\"async\" class=\"alignright wp-image-375\" src=\"http:\/\/tobagoparadise.de\/wp-content\/uploads\/2014\/08\/20140403_074551.jpg\" alt=\"20140403_074551\" width=\"400\" height=\"268\" srcset=\"http:\/\/tobagoparadise.de\/wp-content\/uploads\/2014\/08\/20140403_074551.jpg 500w, http:\/\/tobagoparadise.de\/wp-content\/uploads\/2014\/08\/20140403_074551-300x201.jpg 300w, http:\/\/tobagoparadise.de\/wp-content\/uploads\/2014\/08\/20140403_074551-447x300.jpg 447w\" sizes=\"(max-width: 400px) 100vw, 400px\" \/><\/p>\n<p style=\"text-align: justify;\">Wir als praktizierende Selbstversorger bereiten uns in der Regel unser Fr\u00fchst\u00fcck selbst im Appartment zu, die restlichen Mahlzeiten haben wir unterwegs.\u00a0Die Zutaten f\u00fcr unser Fr\u00fchst\u00fcck besorgen wir in lokalen Superm\u00e4rkten und f\u00fcr Obst und Gem\u00fcse an den zahlreichen Marktst\u00e4nden entlang der Strassen.<br \/>\nDie bekannteste Supermarktkette ist Penny Savers mit Filialen in Canaan, Carnbee und Scarborough. Das Sortiment deckt den vollen uns bekannten Bedarf zu 90% ab und die Preise sind moderat. Ein noch gr\u00f6sseres Sortiment, gerade an europ\u00e4ischen Marken bietet Morshead Supermarket in der Buccoo Road in Mt. Pleasant. Dort gibt es auch dunkleres Brot. Und f\u00fcr alle, die auch mal sp\u00e4ter was brauchen hat in Canaan\u00a0der View Port Supermarket bis sp\u00e4t in die Nacht ge\u00f6ffnet.<\/p>\n<p style=\"text-align: justify;\">Wir wollen f\u00fcr die verschiedenen Locations um ausw\u00e4rts zu essen und zu trinken hier die Unterscheidung in <strong><a title=\"Dinner\" href=\"http:\/\/tobagoparadise.de\/?page_id=114\">Dinner<\/a><\/strong>, <strong><a title=\"Bars\" href=\"http:\/\/tobagoparadise.de\/?page_id=111\">Bars<\/a><\/strong> und <strong><a title=\"Fastfood\" href=\"http:\/\/tobagoparadise.de\/?page_id=116\">Fastfood<\/a><\/strong> vornehmen.<\/p>\n<p style=\"text-align: justify;\">Man kann sich auf der einen Seite recht g\u00fcnstig verpflegen, aber f\u00fcr ein <strong><a title=\"Dinner\" href=\"http:\/\/tobagoparadise.de\/?page_id=114\">Dinner<\/a>\u00a0<\/strong>in einem sehr guten Restaurant auch richtig Geld ausgeben. In den <strong><a title=\"Bars\" href=\"http:\/\/tobagoparadise.de\/?page_id=111\">Bars<\/a><\/strong> kann man Cocktails trinken und auch leckere Kleinigkeiten geniessen. Gerade zur Lunchtime bietet es sich an, in einer solchen Bar zu einem Burger oder Shrimps einzukehren. Daneben gibt es nat\u00fcrlich <strong><a title=\"Fastfood\" href=\"http:\/\/tobagoparadise.de\/?page_id=116\">Fastfood<\/a><\/strong>, aber gerade was die Versorgung mit H\u00e4hnchen anbelangt, auf einem recht passablen Niveau. Genauso wie die lokalen Pizzaanbieter zum Selbstabholen.<\/p>\n<p style=\"text-align: justify;\">\n","protected":false},"excerpt":{"rendered":"<p>In Tobago gibt es zahlreiche M\u00f6glichkeiten sich selbst zu versorgen. Wir als praktizierende Selbstversorger bereiten uns in der Regel unser Fr\u00fchst\u00fcck selbst im Appartment zu, die restlichen Mahlzeiten haben wir unterwegs.\u00a0Die Zutaten f\u00fcr unser Fr\u00fchst\u00fcck besorgen wir in lokalen Superm\u00e4rkten &hellip; <a href=\"http:\/\/tobagoparadise.de\/?page_id=102\">Weiterlesen <span class=\"meta-nav\">&rarr;<\/span><\/a><\/p>\n","protected":false},"author":1,"featured_media":0,"parent":0,"menu_order":0,"comment_status":"closed","ping_status":"closed","template":"showcase.php","meta":{"footnotes":""},"class_list":["post-102","page","type-page","status-publish","hentry"],"_links":{"self":[{"href":"http:\/\/tobagoparadise.de\/index.php?rest_route=\/wp\/v2\/pages\/102"}],"collection":[{"href":"http:\/\/tobagoparadise.de\/index.php?rest_route=\/wp\/v2\/pages"}],"about":[{"href":"http:\/\/tobagoparadise.de\/index.php?rest_route=\/wp\/v2\/types\/page"}],"author":[{"embeddable":true,"href":"http:\/\/tobagoparadise.de\/index.php?rest_route=\/wp\/v2\/users\/1"}],"replies":[{"embeddable":true,"href":"http:\/\/tobagoparadise.de\/index.php?rest_route=%2Fwp%2Fv2%2Fcomments&post=102"}],"version-history":[{"count":20,"href":"http:\/\/tobagoparadise.de\/index.php?rest_route=\/wp\/v2\/pages\/102\/revisions"}],"predecessor-version":[{"id":613,"href":"http:\/\/tobagoparadise.de\/index.php?rest_route=\/wp\/v2\/pages\/102\/revisions\/613"}],"wp:attachment":[{"href":"http:\/\/tobagoparadise.de\/index.php?rest_route=%2Fwp%2Fv2%2Fmedia&parent=102"}],"curies":[{"name":"wp","href":"https:\/\/api.w.org\/{rel}","templated":true}]}}